{"id":3930,"date":"2021-04-30T14:57:36","date_gmt":"2021-04-30T14:57:36","guid":{"rendered":"https:\/\/lafeminite.vamtam.com\/?page_id=3930"},"modified":"2021-04-30T14:57:36","modified_gmt":"2021-04-30T14:57:36","slug":"travel","status":"publish","type":"page","link":"https:\/\/westadecor.pl\/index.php\/travel\/","title":{"rendered":"Travel"},"content":{"rendered":"\t\t<div data-elementor-type=\"wp-page\" data-elementor-id=\"3930\" class=\"elementor elementor-3930\" data-elementor-post-type=\"page\">\n\t\t\t\t\t\t<section class=\"elementor-section elementor-top-section elementor-element elementor-element-8cc03e9 elementor-section-boxed elementor-section-height-default elementor-section-height-default\" data-id=\"8cc03e9\" data-element_type=\"section\" data-settings=\"{&quot;background_background&quot;:&quot;classic&quot;}\">\n\t\t\t\t\t\t<div class=\"elementor-container elementor-column-gap-no\">\n\t\t\t\t\t<div class=\"elementor-column elementor-col-100 elementor-top-column elementor-element elementor-element-df9a88a animated-slow elementor-invisible\" data-id=\"df9a88a\" data-element_type=\"column\" data-settings=\"{&quot;animation&quot;:&quot;fadeIn&quot;,&quot;animation_delay&quot;:100}\">\n\t\t\t<div class=\"elementor-widget-wrap elementor-element-populated\">\n\t\t\t\t\t\t<div class=\"elementor-element elementor-element-342b449 elementor-widget elementor-widget-text-editor\" data-id=\"342b449\" data-element_type=\"widget\" data-widget_type=\"text-editor.default\">\n\t\t\t\t<div class=\"elementor-widget-container\">\n\t\t\t\t\t\t\t\t\t<p>A category description is a paragraph or two of content on the page representing an entire category of items for sale<\/p>\t\t\t\t\t\t\t\t<\/div>\n\t\t\t\t<\/div>\n\t\t\t\t\t<\/div>\n\t\t<\/div>\n\t\t\t\t\t<\/div>\n\t\t<\/section>\n\t\t\t\t<section class=\"elementor-section elementor-top-section elementor-element elementor-element-bb3790f elementor-section-boxed elementor-section-height-default elementor-section-height-default\" data-id=\"bb3790f\" data-element_type=\"section\" data-settings=\"{&quot;background_background&quot;:&quot;classic&quot;}\">\n\t\t\t\t\t\t<div class=\"elementor-container elementor-column-gap-no\">\n\t\t\t\t\t<div class=\"elementor-column elementor-col-100 elementor-top-column elementor-element elementor-element-63e01c5\" data-id=\"63e01c5\" data-element_type=\"column\">\n\t\t\t<div class=\"elementor-widget-wrap elementor-element-populated\">\n\t\t\t\t\t\t<div class=\"elementor-element elementor-element-468596f elementor-view-default elementor-invisible elementor-widget elementor-widget-icon\" data-id=\"468596f\" data-element_type=\"widget\" data-settings=\"{&quot;_animation&quot;:&quot;rotateIn&quot;,&quot;_animation_delay&quot;:200}\" data-widget_type=\"icon.default\">\n\t\t\t\t<div class=\"elementor-widget-container\">\n\t\t\t\t\t\t\t<div class=\"elementor-icon-wrapper\">\n\t\t\t<div class=\"elementor-icon\">\n\t\t\t<i aria-hidden=\"true\" class=\"vamtamtheme- vamtam-theme-slash\"><\/i>\t\t\t<\/div>\n\t\t<\/div>\n\t\t\t\t\t\t<\/div>\n\t\t\t\t<\/div>\n\t\t\t\t<div class=\"vamtam-has-theme-widget-styles elementor-element elementor-element-c48e7fd elementor-grid-1 elementor-grid-tablet-1 elementor-posts--align-center elementor-grid-mobile-1 elementor-posts--thumbnail-top elementor-widget elementor-widget-posts\" data-id=\"c48e7fd\" data-element_type=\"widget\" data-settings=\"{&quot;classic_columns&quot;:&quot;1&quot;,&quot;classic_columns_tablet&quot;:&quot;1&quot;,&quot;classic_columns_mobile&quot;:&quot;1&quot;,&quot;classic_row_gap&quot;:{&quot;unit&quot;:&quot;px&quot;,&quot;size&quot;:35,&quot;sizes&quot;:[]},&quot;classic_row_gap_tablet&quot;:{&quot;unit&quot;:&quot;px&quot;,&quot;size&quot;:&quot;&quot;,&quot;sizes&quot;:[]},&quot;classic_row_gap_mobile&quot;:{&quot;unit&quot;:&quot;px&quot;,&quot;size&quot;:&quot;&quot;,&quot;sizes&quot;:[]}}\" data-widget_type=\"posts.classic\">\n\t\t\t\t<div class=\"elementor-widget-container\">\n\t\t\t\t\t\t\t<div class=\"elementor-posts-container elementor-posts elementor-posts--skin-classic elementor-grid\" role=\"list\">\n\t\t\t\t<article class=\"elementor-post elementor-grid-item post-4794 post type-post status-publish format-standard has-post-thumbnail hentry category-traveling tag-featured tag-home-blog tag-simple-blog\" role=\"listitem\">\n\t\t\t\t<a class=\"elementor-post__thumbnail__link\" href=\"https:\/\/westadecor.pl\/index.php\/2021\/05\/08\/how-traveling-with-hotwire-can-help-you-live-a-richer-life\/\" tabindex=\"-1\" >\n\t\t\t<div class=\"elementor-post__thumbnail\"><img fetchpriority=\"high\" decoding=\"async\" width=\"1024\" height=\"819\" src=\"https:\/\/westadecor.pl\/wp-content\/uploads\/2021\/05\/iStock-1063674520-1-1024x819.jpg\" class=\"attachment-large size-large wp-image-987668\" alt=\"\" srcset=\"https:\/\/westadecor.pl\/wp-content\/uploads\/2021\/05\/iStock-1063674520-1-1024x819.jpg 1024w, https:\/\/westadecor.pl\/wp-content\/uploads\/2021\/05\/iStock-1063674520-1-315x252.jpg 315w, https:\/\/westadecor.pl\/wp-content\/uploads\/2021\/05\/iStock-1063674520-1-630x504.jpg 630w, https:\/\/westadecor.pl\/wp-content\/uploads\/2021\/05\/iStock-1063674520-1-300x240.jpg 300w, https:\/\/westadecor.pl\/wp-content\/uploads\/2021\/05\/iStock-1063674520-1-768x614.jpg 768w, https:\/\/westadecor.pl\/wp-content\/uploads\/2021\/05\/iStock-1063674520-1-1536x1229.jpg 1536w, https:\/\/westadecor.pl\/wp-content\/uploads\/2021\/05\/iStock-1063674520-1-1260x1008.jpg 1260w, https:\/\/westadecor.pl\/wp-content\/uploads\/2021\/05\/iStock-1063674520-1.jpg 2000w\" sizes=\"(max-width: 1024px) 100vw, 1024px\" \/><\/div>\n\t\t<\/a>\n\t\t\t\t<div class=\"elementor-post__text\">\n\t\t\t\t<h3 class=\"elementor-post__title\">\n\t\t\t<a href=\"https:\/\/westadecor.pl\/index.php\/2021\/05\/08\/how-traveling-with-hotwire-can-help-you-live-a-richer-life\/\" >\n\t\t\t\tHow Traveling with Hotwire can Help you Live a Richer Life\t\t\t<\/a>\n\t\t<\/h3>\n\t\t\t\t<div class=\"elementor-post__meta-data\">\n\t\t\t\t\t<span class=\"elementor-post-author\">\n\t\t\tadmin\t\t<\/span>\n\t\t\t\t<span class=\"elementor-post-date\">\n\t\t\t2021-05-08\t\t<\/span>\n\t\t\t\t<\/div>\n\t\t\t\t<div class=\"elementor-post__excerpt\">\n\t\t\t<p>Why do you like to travel? The reasons are multi-faceted for me:  I travel to discover new places, meet new people, and learn new things about myself. Traveling also helps me break away from the monotony of the daily grind, giving me that taste of the unknown and unexpected I so crave and desire.<\/p>\n\t\t<\/div>\n\t\t\t\t<\/div>\n\t\t\t\t<\/article>\n\t\t\t\t<\/div>\n\t\t\n\t\t\t\t\t\t<\/div>\n\t\t\t\t<\/div>\n\t\t\t\t\t<\/div>\n\t\t<\/div>\n\t\t\t\t\t<\/div>\n\t\t<\/section>\n\t\t\t\t<section class=\"elementor-section elementor-top-section elementor-element elementor-element-6d04eb6 elementor-section-boxed elementor-section-height-default elementor-section-height-default\" data-id=\"6d04eb6\" data-element_type=\"section\">\n\t\t\t\t\t\t<div class=\"elementor-container elementor-column-gap-no\">\n\t\t\t\t\t<div class=\"elementor-column elementor-col-100 elementor-top-column elementor-element elementor-element-ef32a93\" data-id=\"ef32a93\" data-element_type=\"column\">\n\t\t\t<div class=\"elementor-widget-wrap elementor-element-populated\">\n\t\t\t\t\t\t<div class=\"vamtam-has-theme-widget-styles elementor-element elementor-element-43e4c98 elementor-posts--align-center elementor-grid-3 elementor-grid-tablet-2 elementor-grid-mobile-1 elementor-posts--thumbnail-top elementor-widget elementor-widget-posts\" data-id=\"43e4c98\" data-element_type=\"widget\" data-settings=\"{&quot;classic_masonry&quot;:&quot;yes&quot;,&quot;classic_row_gap&quot;:{&quot;unit&quot;:&quot;px&quot;,&quot;size&quot;:40,&quot;sizes&quot;:[]},&quot;pagination_type&quot;:&quot;numbers&quot;,&quot;classic_columns&quot;:&quot;3&quot;,&quot;classic_columns_tablet&quot;:&quot;2&quot;,&quot;classic_columns_mobile&quot;:&quot;1&quot;,&quot;classic_row_gap_tablet&quot;:{&quot;unit&quot;:&quot;px&quot;,&quot;size&quot;:&quot;&quot;,&quot;sizes&quot;:[]},&quot;classic_row_gap_mobile&quot;:{&quot;unit&quot;:&quot;px&quot;,&quot;size&quot;:&quot;&quot;,&quot;sizes&quot;:[]}}\" data-widget_type=\"posts.classic\">\n\t\t\t\t<div class=\"elementor-widget-container\">\n\t\t\t\t\t\t\t<div class=\"elementor-posts-container elementor-posts elementor-posts--skin-classic elementor-grid\" role=\"list\">\n\t\t\t\t<article class=\"elementor-post elementor-grid-item post-4791 post type-post status-publish format-standard has-post-thumbnail hentry category-traveling tag-featured tag-home-blog tag-simple-blog tag-tips-guides\" role=\"listitem\">\n\t\t\t\t<a class=\"elementor-post__thumbnail__link\" href=\"https:\/\/westadecor.pl\/index.php\/2021\/05\/08\/our-favourite-island-in-the-land-of-smiles\/\" tabindex=\"-1\" >\n\t\t\t<div class=\"elementor-post__thumbnail\"><img decoding=\"async\" width=\"2000\" height=\"1600\" src=\"https:\/\/westadecor.pl\/wp-content\/uploads\/2021\/05\/iStock-1180401619-1.jpg\" class=\"attachment-full size-full wp-image-987667\" alt=\"\" srcset=\"https:\/\/westadecor.pl\/wp-content\/uploads\/2021\/05\/iStock-1180401619-1.jpg 2000w, https:\/\/westadecor.pl\/wp-content\/uploads\/2021\/05\/iStock-1180401619-1-315x252.jpg 315w, https:\/\/westadecor.pl\/wp-content\/uploads\/2021\/05\/iStock-1180401619-1-630x504.jpg 630w, https:\/\/westadecor.pl\/wp-content\/uploads\/2021\/05\/iStock-1180401619-1-300x240.jpg 300w, https:\/\/westadecor.pl\/wp-content\/uploads\/2021\/05\/iStock-1180401619-1-1024x819.jpg 1024w, https:\/\/westadecor.pl\/wp-content\/uploads\/2021\/05\/iStock-1180401619-1-768x614.jpg 768w, https:\/\/westadecor.pl\/wp-content\/uploads\/2021\/05\/iStock-1180401619-1-1536x1229.jpg 1536w, https:\/\/westadecor.pl\/wp-content\/uploads\/2021\/05\/iStock-1180401619-1-1260x1008.jpg 1260w\" sizes=\"(max-width: 2000px) 100vw, 2000px\" \/><\/div>\n\t\t<\/a>\n\t\t\t\t<div class=\"elementor-post__text\">\n\t\t\t\t<h3 class=\"elementor-post__title\">\n\t\t\t<a href=\"https:\/\/westadecor.pl\/index.php\/2021\/05\/08\/our-favourite-island-in-the-land-of-smiles\/\" >\n\t\t\t\tOur favourite island in the land of smiles\t\t\t<\/a>\n\t\t<\/h3>\n\t\t\t\t<div class=\"elementor-post__meta-data\">\n\t\t\t\t\t<span class=\"elementor-post-date\">\n\t\t\t2021-05-08\t\t<\/span>\n\t\t\t\t<\/div>\n\t\t\t\t<div class=\"elementor-post__excerpt\">\n\t\t\t<p>We had been wanting to visit Koh Lipe for years and finally in 2020 just before COVID hit we managed. Koh Lipe was the last place we visited before travel stopped. We can\u2019t think of a better island to have chosen as our last port of call.<\/p>\n\t\t<\/div>\n\t\t\t\t<\/div>\n\t\t\t\t<\/article>\n\t\t\t\t<article class=\"elementor-post elementor-grid-item post-4789 post type-post status-publish format-standard has-post-thumbnail hentry category-traveling tag-home-blog tag-simple-blog\" role=\"listitem\">\n\t\t\t\t<a class=\"elementor-post__thumbnail__link\" href=\"https:\/\/westadecor.pl\/index.php\/2021\/05\/08\/travel-bucket-list-for-2021\/\" tabindex=\"-1\" >\n\t\t\t<div class=\"elementor-post__thumbnail\"><img decoding=\"async\" width=\"2000\" height=\"1600\" src=\"https:\/\/westadecor.pl\/wp-content\/uploads\/2021\/07\/nikola-radojcic-GkC4ZrByC3I-unsplash-1.jpg\" class=\"attachment-full size-full wp-image-987689\" alt=\"\" srcset=\"https:\/\/westadecor.pl\/wp-content\/uploads\/2021\/07\/nikola-radojcic-GkC4ZrByC3I-unsplash-1.jpg 2000w, https:\/\/westadecor.pl\/wp-content\/uploads\/2021\/07\/nikola-radojcic-GkC4ZrByC3I-unsplash-1-300x240.jpg 300w, https:\/\/westadecor.pl\/wp-content\/uploads\/2021\/07\/nikola-radojcic-GkC4ZrByC3I-unsplash-1-1024x819.jpg 1024w, https:\/\/westadecor.pl\/wp-content\/uploads\/2021\/07\/nikola-radojcic-GkC4ZrByC3I-unsplash-1-768x614.jpg 768w, https:\/\/westadecor.pl\/wp-content\/uploads\/2021\/07\/nikola-radojcic-GkC4ZrByC3I-unsplash-1-1536x1229.jpg 1536w, https:\/\/westadecor.pl\/wp-content\/uploads\/2021\/07\/nikola-radojcic-GkC4ZrByC3I-unsplash-1-630x504.jpg 630w, https:\/\/westadecor.pl\/wp-content\/uploads\/2021\/07\/nikola-radojcic-GkC4ZrByC3I-unsplash-1-1260x1008.jpg 1260w, https:\/\/westadecor.pl\/wp-content\/uploads\/2021\/07\/nikola-radojcic-GkC4ZrByC3I-unsplash-1-315x252.jpg 315w\" sizes=\"(max-width: 2000px) 100vw, 2000px\" \/><\/div>\n\t\t<\/a>\n\t\t\t\t<div class=\"elementor-post__text\">\n\t\t\t\t<h3 class=\"elementor-post__title\">\n\t\t\t<a href=\"https:\/\/westadecor.pl\/index.php\/2021\/05\/08\/travel-bucket-list-for-2021\/\" >\n\t\t\t\tTravel Bucket List for 2021\t\t\t<\/a>\n\t\t<\/h3>\n\t\t\t\t<div class=\"elementor-post__meta-data\">\n\t\t\t\t\t<span class=\"elementor-post-date\">\n\t\t\t2021-05-08\t\t<\/span>\n\t\t\t\t<\/div>\n\t\t\t\t<div class=\"elementor-post__excerpt\">\n\t\t\t<p>With our passports safely tucked away, let\u2019s run through the best domestic trips and (socially-distanced) adventures to be had near you \u2014 wherever on this beautiful planet you might be.<\/p>\n\t\t<\/div>\n\t\t\t\t<\/div>\n\t\t\t\t<\/article>\n\t\t\t\t<article class=\"elementor-post elementor-grid-item post-4786 post type-post status-publish format-standard has-post-thumbnail hentry category-traveling tag-home-blog tag-simple-blog tag-tips-guides\" role=\"listitem\">\n\t\t\t\t<a class=\"elementor-post__thumbnail__link\" href=\"https:\/\/westadecor.pl\/index.php\/2021\/05\/08\/the-best-places-to-travel-in-the-united-states-right-now\/\" tabindex=\"-1\" >\n\t\t\t<div class=\"elementor-post__thumbnail\"><img loading=\"lazy\" decoding=\"async\" width=\"2000\" height=\"1600\" src=\"https:\/\/westadecor.pl\/wp-content\/uploads\/2021\/05\/iStock-916830300-1.jpg\" class=\"attachment-full size-full wp-image-987666\" alt=\"\" srcset=\"https:\/\/westadecor.pl\/wp-content\/uploads\/2021\/05\/iStock-916830300-1.jpg 2000w, https:\/\/westadecor.pl\/wp-content\/uploads\/2021\/05\/iStock-916830300-1-315x252.jpg 315w, https:\/\/westadecor.pl\/wp-content\/uploads\/2021\/05\/iStock-916830300-1-630x504.jpg 630w, https:\/\/westadecor.pl\/wp-content\/uploads\/2021\/05\/iStock-916830300-1-300x240.jpg 300w, https:\/\/westadecor.pl\/wp-content\/uploads\/2021\/05\/iStock-916830300-1-1024x819.jpg 1024w, https:\/\/westadecor.pl\/wp-content\/uploads\/2021\/05\/iStock-916830300-1-768x614.jpg 768w, https:\/\/westadecor.pl\/wp-content\/uploads\/2021\/05\/iStock-916830300-1-1536x1229.jpg 1536w, https:\/\/westadecor.pl\/wp-content\/uploads\/2021\/05\/iStock-916830300-1-1260x1008.jpg 1260w\" sizes=\"(max-width: 2000px) 100vw, 2000px\" \/><\/div>\n\t\t<\/a>\n\t\t\t\t<div class=\"elementor-post__text\">\n\t\t\t\t<h3 class=\"elementor-post__title\">\n\t\t\t<a href=\"https:\/\/westadecor.pl\/index.php\/2021\/05\/08\/the-best-places-to-travel-in-the-united-states-right-now\/\" >\n\t\t\t\tThe Best Places to Travel in the United States Right Now\t\t\t<\/a>\n\t\t<\/h3>\n\t\t\t\t<div class=\"elementor-post__meta-data\">\n\t\t\t\t\t<span class=\"elementor-post-date\">\n\t\t\t2021-05-08\t\t<\/span>\n\t\t\t\t<\/div>\n\t\t\t\t<div class=\"elementor-post__excerpt\">\n\t\t\t<p>While international travel is at a bit of a standstill and some places are opening back up with different restrictions in place, you may be trying to figure out where can Americans travel right now. As many folks are opting to stay domestic right now, USA road trips have become quite popular.<\/p>\n\t\t<\/div>\n\t\t\t\t<\/div>\n\t\t\t\t<\/article>\n\t\t\t\t<article class=\"elementor-post elementor-grid-item post-4783 post type-post status-publish format-standard has-post-thumbnail hentry category-traveling tag-home-blog tag-simple-blog tag-tips-guides\" role=\"listitem\">\n\t\t\t\t<a class=\"elementor-post__thumbnail__link\" href=\"https:\/\/westadecor.pl\/index.php\/2021\/05\/08\/6-reasons-you-should-learn-the-local-language-before-your-trip\/\" tabindex=\"-1\" >\n\t\t\t<div class=\"elementor-post__thumbnail\"><img loading=\"lazy\" decoding=\"async\" width=\"2000\" height=\"1600\" src=\"https:\/\/westadecor.pl\/wp-content\/uploads\/2021\/05\/iStock-1254081915-1.jpg\" class=\"attachment-full size-full wp-image-987665\" alt=\"\" srcset=\"https:\/\/westadecor.pl\/wp-content\/uploads\/2021\/05\/iStock-1254081915-1.jpg 2000w, https:\/\/westadecor.pl\/wp-content\/uploads\/2021\/05\/iStock-1254081915-1-315x252.jpg 315w, https:\/\/westadecor.pl\/wp-content\/uploads\/2021\/05\/iStock-1254081915-1-630x504.jpg 630w, https:\/\/westadecor.pl\/wp-content\/uploads\/2021\/05\/iStock-1254081915-1-300x240.jpg 300w, https:\/\/westadecor.pl\/wp-content\/uploads\/2021\/05\/iStock-1254081915-1-1024x819.jpg 1024w, https:\/\/westadecor.pl\/wp-content\/uploads\/2021\/05\/iStock-1254081915-1-768x614.jpg 768w, https:\/\/westadecor.pl\/wp-content\/uploads\/2021\/05\/iStock-1254081915-1-1536x1229.jpg 1536w, https:\/\/westadecor.pl\/wp-content\/uploads\/2021\/05\/iStock-1254081915-1-1260x1008.jpg 1260w\" sizes=\"(max-width: 2000px) 100vw, 2000px\" \/><\/div>\n\t\t<\/a>\n\t\t\t\t<div class=\"elementor-post__text\">\n\t\t\t\t<h3 class=\"elementor-post__title\">\n\t\t\t<a href=\"https:\/\/westadecor.pl\/index.php\/2021\/05\/08\/6-reasons-you-should-learn-the-local-language-before-your-trip\/\" >\n\t\t\t\t6 Reasons You Should Learn The Local Language Before Your Trip\t\t\t<\/a>\n\t\t<\/h3>\n\t\t\t\t<div class=\"elementor-post__meta-data\">\n\t\t\t\t\t<span class=\"elementor-post-date\">\n\t\t\t2021-05-08\t\t<\/span>\n\t\t\t\t<\/div>\n\t\t\t\t<div class=\"elementor-post__excerpt\">\n\t\t\t<p>My first trip outside of Australia was to Italy. I had dreamed of visiting ever since I was little. I was so excited and nervous about my first big adventure that I planned each day in detail. <\/p>\n\t\t<\/div>\n\t\t\t\t<\/div>\n\t\t\t\t<\/article>\n\t\t\t\t<article class=\"elementor-post elementor-grid-item post-4769 post type-post status-publish format-standard has-post-thumbnail hentry category-traveling tag-home-blog tag-simple-blog\" role=\"listitem\">\n\t\t\t\t<a class=\"elementor-post__thumbnail__link\" href=\"https:\/\/westadecor.pl\/index.php\/2021\/05\/08\/too-many-places-overcoming-the-paradox-of-choice\/\" tabindex=\"-1\" >\n\t\t\t<div class=\"elementor-post__thumbnail\"><img loading=\"lazy\" decoding=\"async\" width=\"1600\" height=\"2140\" src=\"https:\/\/westadecor.pl\/wp-content\/uploads\/2021\/05\/iStock-1212317404-1.jpg\" class=\"attachment-full size-full wp-image-987664\" alt=\"\" srcset=\"https:\/\/westadecor.pl\/wp-content\/uploads\/2021\/05\/iStock-1212317404-1.jpg 1600w, https:\/\/westadecor.pl\/wp-content\/uploads\/2021\/05\/iStock-1212317404-1-315x421.jpg 315w, https:\/\/westadecor.pl\/wp-content\/uploads\/2021\/05\/iStock-1212317404-1-630x843.jpg 630w, https:\/\/westadecor.pl\/wp-content\/uploads\/2021\/05\/iStock-1212317404-1-224x300.jpg 224w, https:\/\/westadecor.pl\/wp-content\/uploads\/2021\/05\/iStock-1212317404-1-766x1024.jpg 766w, https:\/\/westadecor.pl\/wp-content\/uploads\/2021\/05\/iStock-1212317404-1-768x1027.jpg 768w, https:\/\/westadecor.pl\/wp-content\/uploads\/2021\/05\/iStock-1212317404-1-1148x1536.jpg 1148w, https:\/\/westadecor.pl\/wp-content\/uploads\/2021\/05\/iStock-1212317404-1-1531x2048.jpg 1531w, https:\/\/westadecor.pl\/wp-content\/uploads\/2021\/05\/iStock-1212317404-1-1260x1685.jpg 1260w\" sizes=\"(max-width: 1600px) 100vw, 1600px\" \/><\/div>\n\t\t<\/a>\n\t\t\t\t<div class=\"elementor-post__text\">\n\t\t\t\t<h3 class=\"elementor-post__title\">\n\t\t\t<a href=\"https:\/\/westadecor.pl\/index.php\/2021\/05\/08\/too-many-places-overcoming-the-paradox-of-choice\/\" >\n\t\t\t\tToo Many Places: Overcoming The Paradox of Choice\t\t\t<\/a>\n\t\t<\/h3>\n\t\t\t\t<div class=\"elementor-post__meta-data\">\n\t\t\t\t\t<span class=\"elementor-post-date\">\n\t\t\t2021-05-08\t\t<\/span>\n\t\t\t\t<\/div>\n\t\t\t\t<div class=\"elementor-post__excerpt\">\n\t\t\t<p>A couple of years ago, wanting to escape the oppressive summer heat of Austin, I spent months staring at a map but unable to answer that question.<\/p>\n\t\t<\/div>\n\t\t\t\t<\/div>\n\t\t\t\t<\/article>\n\t\t\t\t<article class=\"elementor-post elementor-grid-item post-20825 post type-post status-publish format-standard has-post-thumbnail hentry category-traveling tag-home-influencer tag-tips-guides\" role=\"listitem\">\n\t\t\t\t<a class=\"elementor-post__thumbnail__link\" href=\"https:\/\/westadecor.pl\/index.php\/2021\/04\/03\/the-trip-that-changed-my-life-bedouins-in-jordan\/\" tabindex=\"-1\" >\n\t\t\t<div class=\"elementor-post__thumbnail\"><img loading=\"lazy\" decoding=\"async\" width=\"2560\" height=\"1702\" src=\"https:\/\/westadecor.pl\/wp-content\/uploads\/2021\/09\/pexels-chermiti-mohamed-3295430-scaled-2.jpg\" class=\"attachment-full size-full wp-image-987838\" alt=\"\" srcset=\"https:\/\/westadecor.pl\/wp-content\/uploads\/2021\/09\/pexels-chermiti-mohamed-3295430-scaled-2.jpg 2560w, https:\/\/westadecor.pl\/wp-content\/uploads\/2021\/09\/pexels-chermiti-mohamed-3295430-scaled-2-300x199.jpg 300w, https:\/\/westadecor.pl\/wp-content\/uploads\/2021\/09\/pexels-chermiti-mohamed-3295430-scaled-2-1024x681.jpg 1024w, https:\/\/westadecor.pl\/wp-content\/uploads\/2021\/09\/pexels-chermiti-mohamed-3295430-scaled-2-768x511.jpg 768w, https:\/\/westadecor.pl\/wp-content\/uploads\/2021\/09\/pexels-chermiti-mohamed-3295430-scaled-2-1536x1021.jpg 1536w, https:\/\/westadecor.pl\/wp-content\/uploads\/2021\/09\/pexels-chermiti-mohamed-3295430-scaled-2-2048x1362.jpg 2048w, https:\/\/westadecor.pl\/wp-content\/uploads\/2021\/09\/pexels-chermiti-mohamed-3295430-scaled-2-630x419.jpg 630w, https:\/\/westadecor.pl\/wp-content\/uploads\/2021\/09\/pexels-chermiti-mohamed-3295430-scaled-2-1260x838.jpg 1260w, https:\/\/westadecor.pl\/wp-content\/uploads\/2021\/09\/pexels-chermiti-mohamed-3295430-scaled-2-315x209.jpg 315w\" sizes=\"(max-width: 2560px) 100vw, 2560px\" \/><\/div>\n\t\t<\/a>\n\t\t\t\t<div class=\"elementor-post__text\">\n\t\t\t\t<h3 class=\"elementor-post__title\">\n\t\t\t<a href=\"https:\/\/westadecor.pl\/index.php\/2021\/04\/03\/the-trip-that-changed-my-life-bedouins-in-jordan\/\" >\n\t\t\t\tThe Trip That Changed My Life: Bedouins in Jordan\t\t\t<\/a>\n\t\t<\/h3>\n\t\t\t\t<div class=\"elementor-post__meta-data\">\n\t\t\t\t\t<span class=\"elementor-post-date\">\n\t\t\t2021-04-03\t\t<\/span>\n\t\t\t\t<\/div>\n\t\t\t\t<div class=\"elementor-post__excerpt\">\n\t\t\t<p>This fall was shaping up to be an exciting season for beauty. We were prepared to reenter the world, thinking<\/p>\n\t\t<\/div>\n\t\t\t\t<\/div>\n\t\t\t\t<\/article>\n\t\t\t\t<\/div>\n\t\t\n\t\t\t\t\t\t<\/div>\n\t\t\t\t<\/div>\n\t\t\t\t\t<\/div>\n\t\t<\/div>\n\t\t\t\t\t<\/div>\n\t\t<\/section>\n\t\t\t\t<section class=\"elementor-section elementor-top-section elementor-element elementor-element-1af4126 elementor-section-boxed elementor-section-height-default elementor-section-height-default\" data-id=\"1af4126\" data-element_type=\"section\">\n\t\t\t\t\t\t<div class=\"elementor-container elementor-column-gap-no\">\n\t\t\t\t\t<div class=\"elementor-column elementor-col-100 elementor-top-column elementor-element elementor-element-eb4f337\" data-id=\"eb4f337\" data-element_type=\"column\">\n\t\t\t<div class=\"elementor-widget-wrap elementor-element-populated\">\n\t\t\t\t\t\t<div class=\"elementor-element elementor-element-8da06ef elementor-widget elementor-widget-template\" data-id=\"8da06ef\" data-element_type=\"widget\" data-widget_type=\"template.default\">\n\t\t\t\t<div class=\"elementor-widget-container\">\n\t\t\t\t\t\t\t<div class=\"elementor-template\">\n\t\t\t\t\t<div data-elementor-type=\"section\" data-elementor-id=\"9740\" class=\"elementor elementor-9740\" data-elementor-post-type=\"elementor_library\">\n\t\t\t\t\t<section class=\"elementor-section elementor-top-section elementor-element elementor-element-9b7b474 elementor-section-content-middle elementor-section-full_width elementor-section-height-default elementor-section-height-default\" data-id=\"9b7b474\" data-element_type=\"section\">\n\t\t\t\t\t\t<div class=\"elementor-container elementor-column-gap-no\">\n\t\t\t\t\t<div class=\"elementor-column elementor-col-100 elementor-top-column elementor-element elementor-element-1637df28\" data-id=\"1637df28\" data-element_type=\"column\">\n\t\t\t<div class=\"elementor-widget-wrap elementor-element-populated\">\n\t\t\t\t\t\t<div class=\"elementor-element elementor-element-54553576 elementor-widget elementor-widget-heading\" data-id=\"54553576\" data-element_type=\"widget\" data-widget_type=\"heading.default\">\n\t\t\t\t<div class=\"elementor-widget-container\">\n\t\t\t\t\t<h2 class=\"elementor-heading-title elementor-size-default\">instagram:<\/h2>\t\t\t\t<\/div>\n\t\t\t\t<\/div>\n\t\t\t\t<div class=\"elementor-element elementor-element-7421bf6a elementor-widget elementor-widget-heading\" data-id=\"7421bf6a\" data-element_type=\"widget\" data-widget_type=\"heading.default\">\n\t\t\t\t<div class=\"elementor-widget-container\">\n\t\t\t\t\t<p class=\"elementor-heading-title elementor-size-default\"><a href=\"https:\/\/www.instagram.com\/vamtam.themes\/\" target=\"_blank\">@La_f\u00e9minit\u00e9<\/a><\/p>\t\t\t\t<\/div>\n\t\t\t\t<\/div>\n\t\t\t\t<div class=\"elementor-element elementor-element-2f00556 vamtam-sbi elementor-widget elementor-widget-sbi-widget\" data-id=\"2f00556\" data-element_type=\"widget\" data-widget_type=\"sbi-widget.default\">\n\t\t\t\t<div class=\"elementor-widget-container\">\n\t\t\t\t\t\t\t<div id=\"sbi_mod_error\" >\n\t\t\t<span>Ten komunikat o b\u0142\u0119dzie jest widoczny tylko dla administrator\u00f3w WordPressa<\/span><br\/>\n\t\t\t<p><strong>B\u0142\u0105d: nie znaleziono kana\u0142u o identyfikatorze 1.<\/strong>\n\t\t\t<p>Przejd\u017a na stron\u0119 ustawie\u0144 kana\u0142u Instagramu, aby utworzy\u0107 kana\u0142.<\/p>\n\t\t<\/div>\n\t\t\t\t\t\t<\/div>\n\t\t\t\t<\/div>\n\t\t\t\t\t<\/div>\n\t\t<\/div>\n\t\t\t\t\t<\/div>\n\t\t<\/section>\n\t\t\t\t<\/div>\n\t\t\t\t<\/div>\n\t\t\t\t\t\t<\/div>\n\t\t\t\t<\/div>\n\t\t\t\t\t<\/div>\n\t\t<\/div>\n\t\t\t\t\t<\/div>\n\t\t<\/section>\n\t\t\t\t<\/div>\n\t\t","protected":false},"excerpt":{"rendered":"<p>A category description is a paragraph or two of content on the page representing an entire category of items for sale<\/p>\n","protected":false},"author":1,"featured_media":987808,"parent":0,"menu_order":0,"comment_status":"closed","ping_status":"closed","template":"","meta":{"footnotes":""},"class_list":["post-3930","page","type-page","status-publish","has-post-thumbnail","hentry"],"_links":{"self":[{"href":"https:\/\/westadecor.pl\/index.php\/wp-json\/wp\/v2\/pages\/3930","targetHints":{"allow":["GET"]}}],"collection":[{"href":"https:\/\/westadecor.pl\/index.php\/wp-json\/wp\/v2\/pages"}],"about":[{"href":"https:\/\/westadecor.pl\/index.php\/wp-json\/wp\/v2\/types\/page"}],"author":[{"embeddable":true,"href":"https:\/\/westadecor.pl\/index.php\/wp-json\/wp\/v2\/users\/1"}],"replies":[{"embeddable":true,"href":"https:\/\/westadecor.pl\/index.php\/wp-json\/wp\/v2\/comments?post=3930"}],"version-history":[{"count":0,"href":"https:\/\/westadecor.pl\/index.php\/wp-json\/wp\/v2\/pages\/3930\/revisions"}],"wp:featuredmedia":[{"embeddable":true,"href":"https:\/\/westadecor.pl\/index.php\/wp-json\/wp\/v2\/media\/987808"}],"wp:attachment":[{"href":"https:\/\/westadecor.pl\/index.php\/wp-json\/wp\/v2\/media?parent=3930"}],"curies":[{"name":"wp","href":"https:\/\/api.w.org\/{rel}","templated":true}]}}