{"id":3927,"date":"2021-04-30T14:57:05","date_gmt":"2021-04-30T14:57:05","guid":{"rendered":"https:\/\/lafeminite.vamtam.com\/?page_id=3927"},"modified":"2021-04-30T14:57:05","modified_gmt":"2021-04-30T14:57:05","slug":"food","status":"publish","type":"page","link":"https:\/\/westadecor.pl\/index.php\/food\/","title":{"rendered":"Food"},"content":{"rendered":"\t\t<div data-elementor-type=\"wp-page\" data-elementor-id=\"3927\" class=\"elementor elementor-3927\" data-elementor-post-type=\"page\">\n\t\t\t\t\t\t<section class=\"elementor-section elementor-top-section elementor-element elementor-element-ed2a16c elementor-section-boxed elementor-section-height-default elementor-section-height-default\" data-id=\"ed2a16c\" data-element_type=\"section\" data-settings=\"{&quot;background_background&quot;:&quot;classic&quot;}\">\n\t\t\t\t\t\t<div class=\"elementor-container elementor-column-gap-no\">\n\t\t\t\t\t<div class=\"elementor-column elementor-col-100 elementor-top-column elementor-element elementor-element-8aeae70 animated-slow elementor-invisible\" data-id=\"8aeae70\" data-element_type=\"column\" data-settings=\"{&quot;animation&quot;:&quot;fadeIn&quot;,&quot;animation_delay&quot;:100}\">\n\t\t\t<div class=\"elementor-widget-wrap elementor-element-populated\">\n\t\t\t\t\t\t<div class=\"elementor-element elementor-element-4a85e9a elementor-widget elementor-widget-text-editor\" data-id=\"4a85e9a\" data-element_type=\"widget\" data-widget_type=\"text-editor.default\">\n\t\t\t\t<div class=\"elementor-widget-container\">\n\t\t\t\t\t\t\t\t\t<p>A category description is a paragraph or two of content on the page representing an entire category of items for sale<\/p>\t\t\t\t\t\t\t\t<\/div>\n\t\t\t\t<\/div>\n\t\t\t\t\t<\/div>\n\t\t<\/div>\n\t\t\t\t\t<\/div>\n\t\t<\/section>\n\t\t\t\t<section class=\"elementor-section elementor-top-section elementor-element elementor-element-3ae2a74 elementor-section-boxed elementor-section-height-default elementor-section-height-default\" data-id=\"3ae2a74\" data-element_type=\"section\" data-settings=\"{&quot;background_background&quot;:&quot;classic&quot;}\">\n\t\t\t\t\t\t<div class=\"elementor-container elementor-column-gap-no\">\n\t\t\t\t\t<div class=\"elementor-column elementor-col-100 elementor-top-column elementor-element elementor-element-d23b090\" data-id=\"d23b090\" data-element_type=\"column\">\n\t\t\t<div class=\"elementor-widget-wrap elementor-element-populated\">\n\t\t\t\t\t\t<div class=\"elementor-element elementor-element-9f8c111 elementor-view-default elementor-invisible elementor-widget elementor-widget-icon\" data-id=\"9f8c111\" data-element_type=\"widget\" data-settings=\"{&quot;_animation&quot;:&quot;rotateIn&quot;,&quot;_animation_delay&quot;:200}\" data-widget_type=\"icon.default\">\n\t\t\t\t<div class=\"elementor-widget-container\">\n\t\t\t\t\t\t\t<div class=\"elementor-icon-wrapper\">\n\t\t\t<div class=\"elementor-icon\">\n\t\t\t<i aria-hidden=\"true\" class=\"vamtamtheme- vamtam-theme-slash\"><\/i>\t\t\t<\/div>\n\t\t<\/div>\n\t\t\t\t\t\t<\/div>\n\t\t\t\t<\/div>\n\t\t\t\t<div class=\"vamtam-has-theme-widget-styles elementor-element elementor-element-c72211e elementor-grid-1 elementor-grid-tablet-1 elementor-posts--align-center elementor-grid-mobile-1 elementor-posts--thumbnail-top elementor-widget elementor-widget-posts\" data-id=\"c72211e\" data-element_type=\"widget\" data-settings=\"{&quot;classic_columns&quot;:&quot;1&quot;,&quot;classic_columns_tablet&quot;:&quot;1&quot;,&quot;classic_columns_mobile&quot;:&quot;1&quot;,&quot;classic_row_gap&quot;:{&quot;unit&quot;:&quot;px&quot;,&quot;size&quot;:35,&quot;sizes&quot;:[]},&quot;classic_row_gap_tablet&quot;:{&quot;unit&quot;:&quot;px&quot;,&quot;size&quot;:&quot;&quot;,&quot;sizes&quot;:[]},&quot;classic_row_gap_mobile&quot;:{&quot;unit&quot;:&quot;px&quot;,&quot;size&quot;:&quot;&quot;,&quot;sizes&quot;:[]}}\" data-widget_type=\"posts.classic\">\n\t\t\t\t<div class=\"elementor-widget-container\">\n\t\t\t\t\t\t\t<div class=\"elementor-posts-container elementor-posts elementor-posts--skin-classic elementor-grid\" role=\"list\">\n\t\t\t\t<article class=\"elementor-post elementor-grid-item post-4737 post type-post status-publish format-standard has-post-thumbnail hentry category-cooking tag-home-blog tag-recipes\" role=\"listitem\">\n\t\t\t\t<a class=\"elementor-post__thumbnail__link\" href=\"https:\/\/westadecor.pl\/index.php\/2021\/05\/08\/japanese-pancakes\/\" tabindex=\"-1\" >\n\t\t\t<div class=\"elementor-post__thumbnail\"><img fetchpriority=\"high\" decoding=\"async\" width=\"766\" height=\"1024\" src=\"https:\/\/westadecor.pl\/wp-content\/uploads\/2021\/05\/jade-stephens-U2pLhsGRJw-unsplash-1-766x1024.jpg\" class=\"attachment-large size-large wp-image-987655\" alt=\"\" srcset=\"https:\/\/westadecor.pl\/wp-content\/uploads\/2021\/05\/jade-stephens-U2pLhsGRJw-unsplash-1-766x1024.jpg 766w, https:\/\/westadecor.pl\/wp-content\/uploads\/2021\/05\/jade-stephens-U2pLhsGRJw-unsplash-1-315x421.jpg 315w, https:\/\/westadecor.pl\/wp-content\/uploads\/2021\/05\/jade-stephens-U2pLhsGRJw-unsplash-1-630x843.jpg 630w, https:\/\/westadecor.pl\/wp-content\/uploads\/2021\/05\/jade-stephens-U2pLhsGRJw-unsplash-1-224x300.jpg 224w, https:\/\/westadecor.pl\/wp-content\/uploads\/2021\/05\/jade-stephens-U2pLhsGRJw-unsplash-1-768x1027.jpg 768w, https:\/\/westadecor.pl\/wp-content\/uploads\/2021\/05\/jade-stephens-U2pLhsGRJw-unsplash-1-1148x1536.jpg 1148w, https:\/\/westadecor.pl\/wp-content\/uploads\/2021\/05\/jade-stephens-U2pLhsGRJw-unsplash-1-1531x2048.jpg 1531w, https:\/\/westadecor.pl\/wp-content\/uploads\/2021\/05\/jade-stephens-U2pLhsGRJw-unsplash-1-1260x1685.jpg 1260w, https:\/\/westadecor.pl\/wp-content\/uploads\/2021\/05\/jade-stephens-U2pLhsGRJw-unsplash-1.jpg 1600w\" sizes=\"(max-width: 766px) 100vw, 766px\" \/><\/div>\n\t\t<\/a>\n\t\t\t\t<div class=\"elementor-post__text\">\n\t\t\t\t<h3 class=\"elementor-post__title\">\n\t\t\t<a href=\"https:\/\/westadecor.pl\/index.php\/2021\/05\/08\/japanese-pancakes\/\" >\n\t\t\t\tJapanese Pancakes for a Great Morning\t\t\t<\/a>\n\t\t<\/h3>\n\t\t\t\t<div class=\"elementor-post__meta-data\">\n\t\t\t\t\t<span class=\"elementor-post-author\">\n\t\t\tadmin\t\t<\/span>\n\t\t\t\t<span class=\"elementor-post-date\">\n\t\t\t2021-05-08\t\t<\/span>\n\t\t\t\t<\/div>\n\t\t\t\t<div class=\"elementor-post__excerpt\">\n\t\t\t<p>The best part of going to the pancake places, aside from eating the pancakes, is that you get to watch them expertly shape, flip, and plate up serving after serving of fluffy goodness.<\/p>\n\t\t<\/div>\n\t\t\t\t<\/div>\n\t\t\t\t<\/article>\n\t\t\t\t<\/div>\n\t\t\n\t\t\t\t\t\t<\/div>\n\t\t\t\t<\/div>\n\t\t\t\t\t<\/div>\n\t\t<\/div>\n\t\t\t\t\t<\/div>\n\t\t<\/section>\n\t\t\t\t<section class=\"elementor-section elementor-top-section elementor-element elementor-element-88e6f99 elementor-section-boxed elementor-section-height-default elementor-section-height-default\" data-id=\"88e6f99\" data-element_type=\"section\">\n\t\t\t\t\t\t<div class=\"elementor-container elementor-column-gap-no\">\n\t\t\t\t\t<div class=\"elementor-column elementor-col-100 elementor-top-column elementor-element elementor-element-5fc0dbb\" data-id=\"5fc0dbb\" data-element_type=\"column\">\n\t\t\t<div class=\"elementor-widget-wrap elementor-element-populated\">\n\t\t\t\t\t\t<div class=\"vamtam-has-theme-widget-styles elementor-element elementor-element-f6d56a4 elementor-posts--align-center elementor-grid-3 elementor-grid-tablet-2 elementor-grid-mobile-1 elementor-posts--thumbnail-top elementor-widget elementor-widget-posts\" data-id=\"f6d56a4\" data-element_type=\"widget\" data-settings=\"{&quot;classic_masonry&quot;:&quot;yes&quot;,&quot;classic_row_gap&quot;:{&quot;unit&quot;:&quot;px&quot;,&quot;size&quot;:40,&quot;sizes&quot;:[]},&quot;pagination_type&quot;:&quot;numbers_and_prev_next&quot;,&quot;classic_columns&quot;:&quot;3&quot;,&quot;classic_columns_tablet&quot;:&quot;2&quot;,&quot;classic_columns_mobile&quot;:&quot;1&quot;,&quot;classic_row_gap_tablet&quot;:{&quot;unit&quot;:&quot;px&quot;,&quot;size&quot;:&quot;&quot;,&quot;sizes&quot;:[]},&quot;classic_row_gap_mobile&quot;:{&quot;unit&quot;:&quot;px&quot;,&quot;size&quot;:&quot;&quot;,&quot;sizes&quot;:[]}}\" data-widget_type=\"posts.classic\">\n\t\t\t\t<div class=\"elementor-widget-container\">\n\t\t\t\t\t\t\t<div class=\"elementor-posts-container elementor-posts elementor-posts--skin-classic elementor-grid\" role=\"list\">\n\t\t\t\t<article class=\"elementor-post elementor-grid-item post-4734 post type-post status-publish format-standard has-post-thumbnail hentry category-cooking tag-home-blog tag-recipes\" role=\"listitem\">\n\t\t\t\t<a class=\"elementor-post__thumbnail__link\" href=\"https:\/\/westadecor.pl\/index.php\/2021\/05\/08\/beet-and-burrata-salad-with-fried-bread\/\" tabindex=\"-1\" >\n\t\t\t<div class=\"elementor-post__thumbnail\"><img decoding=\"async\" width=\"2000\" height=\"1600\" src=\"https:\/\/westadecor.pl\/wp-content\/uploads\/2021\/05\/iStock-1263958536-1.jpg\" class=\"attachment-full size-full wp-image-987657\" alt=\"\" srcset=\"https:\/\/westadecor.pl\/wp-content\/uploads\/2021\/05\/iStock-1263958536-1.jpg 2000w, https:\/\/westadecor.pl\/wp-content\/uploads\/2021\/05\/iStock-1263958536-1-315x252.jpg 315w, https:\/\/westadecor.pl\/wp-content\/uploads\/2021\/05\/iStock-1263958536-1-630x504.jpg 630w, https:\/\/westadecor.pl\/wp-content\/uploads\/2021\/05\/iStock-1263958536-1-300x240.jpg 300w, https:\/\/westadecor.pl\/wp-content\/uploads\/2021\/05\/iStock-1263958536-1-1024x819.jpg 1024w, https:\/\/westadecor.pl\/wp-content\/uploads\/2021\/05\/iStock-1263958536-1-768x614.jpg 768w, https:\/\/westadecor.pl\/wp-content\/uploads\/2021\/05\/iStock-1263958536-1-1536x1229.jpg 1536w, https:\/\/westadecor.pl\/wp-content\/uploads\/2021\/05\/iStock-1263958536-1-1260x1008.jpg 1260w\" sizes=\"(max-width: 2000px) 100vw, 2000px\" \/><\/div>\n\t\t<\/a>\n\t\t\t\t<div class=\"elementor-post__text\">\n\t\t\t\t<h3 class=\"elementor-post__title\">\n\t\t\t<a href=\"https:\/\/westadecor.pl\/index.php\/2021\/05\/08\/beet-and-burrata-salad-with-fried-bread\/\" >\n\t\t\t\tBeet and Burrata Salad with Fried Bread\t\t\t<\/a>\n\t\t<\/h3>\n\t\t\t\t<div class=\"elementor-post__meta-data\">\n\t\t\t\t\t<span class=\"elementor-post-date\">\n\t\t\t2021-05-08\t\t<\/span>\n\t\t\t\t<\/div>\n\t\t\t\t<div class=\"elementor-post__excerpt\">\n\t\t\t<p>Thanks for coming, but there is nothing more we need to talk about! Game over. I\u2019ll just be eating this beet and burrata salad from here on out.<\/p>\n\t\t<\/div>\n\t\t\t\t<\/div>\n\t\t\t\t<\/article>\n\t\t\t\t<article class=\"elementor-post elementor-grid-item post-4732 post type-post status-publish format-standard has-post-thumbnail hentry category-cooking tag-home-blog tag-recipes\" role=\"listitem\">\n\t\t\t\t<a class=\"elementor-post__thumbnail__link\" href=\"https:\/\/westadecor.pl\/index.php\/2021\/05\/08\/avocado-bread-like-banana-bread-but-with-avocados\/\" tabindex=\"-1\" >\n\t\t\t<div class=\"elementor-post__thumbnail\"><img decoding=\"async\" width=\"1600\" height=\"2140\" src=\"https:\/\/westadecor.pl\/wp-content\/uploads\/2021\/05\/priscilla-du-preez-zU_ASzQWyQk-unsplash-1.jpg\" class=\"attachment-full size-full wp-image-987687\" alt=\"\" srcset=\"https:\/\/westadecor.pl\/wp-content\/uploads\/2021\/05\/priscilla-du-preez-zU_ASzQWyQk-unsplash-1.jpg 1600w, https:\/\/westadecor.pl\/wp-content\/uploads\/2021\/05\/priscilla-du-preez-zU_ASzQWyQk-unsplash-1-224x300.jpg 224w, https:\/\/westadecor.pl\/wp-content\/uploads\/2021\/05\/priscilla-du-preez-zU_ASzQWyQk-unsplash-1-766x1024.jpg 766w, https:\/\/westadecor.pl\/wp-content\/uploads\/2021\/05\/priscilla-du-preez-zU_ASzQWyQk-unsplash-1-768x1027.jpg 768w, https:\/\/westadecor.pl\/wp-content\/uploads\/2021\/05\/priscilla-du-preez-zU_ASzQWyQk-unsplash-1-1148x1536.jpg 1148w, https:\/\/westadecor.pl\/wp-content\/uploads\/2021\/05\/priscilla-du-preez-zU_ASzQWyQk-unsplash-1-1531x2048.jpg 1531w, https:\/\/westadecor.pl\/wp-content\/uploads\/2021\/05\/priscilla-du-preez-zU_ASzQWyQk-unsplash-1-630x843.jpg 630w, https:\/\/westadecor.pl\/wp-content\/uploads\/2021\/05\/priscilla-du-preez-zU_ASzQWyQk-unsplash-1-1260x1685.jpg 1260w, https:\/\/westadecor.pl\/wp-content\/uploads\/2021\/05\/priscilla-du-preez-zU_ASzQWyQk-unsplash-1-315x421.jpg 315w\" sizes=\"(max-width: 1600px) 100vw, 1600px\" \/><\/div>\n\t\t<\/a>\n\t\t\t\t<div class=\"elementor-post__text\">\n\t\t\t\t<h3 class=\"elementor-post__title\">\n\t\t\t<a href=\"https:\/\/westadecor.pl\/index.php\/2021\/05\/08\/avocado-bread-like-banana-bread-but-with-avocados\/\" >\n\t\t\t\tAvocado Bread: like banana bread, but with avocados\t\t\t<\/a>\n\t\t<\/h3>\n\t\t\t\t<div class=\"elementor-post__meta-data\">\n\t\t\t\t\t<span class=\"elementor-post-date\">\n\t\t\t2021-05-08\t\t<\/span>\n\t\t\t\t<\/div>\n\t\t\t\t<div class=\"elementor-post__excerpt\">\n\t\t\t<p>Oh so long ago, back when I was still in high school, my mom came home from work one day clutching a photocopied hand-written banana bread recipe. <\/p>\n\t\t<\/div>\n\t\t\t\t<\/div>\n\t\t\t\t<\/article>\n\t\t\t\t<article class=\"elementor-post elementor-grid-item post-4730 post type-post status-publish format-standard has-post-thumbnail hentry category-cooking tag-healthy tag-home-blog tag-recipes\" role=\"listitem\">\n\t\t\t\t<a class=\"elementor-post__thumbnail__link\" href=\"https:\/\/westadecor.pl\/index.php\/2021\/05\/08\/the-best-pho-recipe\/\" tabindex=\"-1\" >\n\t\t\t<div class=\"elementor-post__thumbnail\"><img loading=\"lazy\" decoding=\"async\" width=\"1600\" height=\"2140\" src=\"https:\/\/westadecor.pl\/wp-content\/uploads\/2021\/05\/fathul-abrar-Gkl43lgpwrU-unsplash-1.jpg\" class=\"attachment-full size-full wp-image-987688\" alt=\"\" srcset=\"https:\/\/westadecor.pl\/wp-content\/uploads\/2021\/05\/fathul-abrar-Gkl43lgpwrU-unsplash-1.jpg 1600w, https:\/\/westadecor.pl\/wp-content\/uploads\/2021\/05\/fathul-abrar-Gkl43lgpwrU-unsplash-1-224x300.jpg 224w, https:\/\/westadecor.pl\/wp-content\/uploads\/2021\/05\/fathul-abrar-Gkl43lgpwrU-unsplash-1-766x1024.jpg 766w, https:\/\/westadecor.pl\/wp-content\/uploads\/2021\/05\/fathul-abrar-Gkl43lgpwrU-unsplash-1-768x1027.jpg 768w, https:\/\/westadecor.pl\/wp-content\/uploads\/2021\/05\/fathul-abrar-Gkl43lgpwrU-unsplash-1-1148x1536.jpg 1148w, https:\/\/westadecor.pl\/wp-content\/uploads\/2021\/05\/fathul-abrar-Gkl43lgpwrU-unsplash-1-1531x2048.jpg 1531w, https:\/\/westadecor.pl\/wp-content\/uploads\/2021\/05\/fathul-abrar-Gkl43lgpwrU-unsplash-1-630x843.jpg 630w, https:\/\/westadecor.pl\/wp-content\/uploads\/2021\/05\/fathul-abrar-Gkl43lgpwrU-unsplash-1-1260x1685.jpg 1260w, https:\/\/westadecor.pl\/wp-content\/uploads\/2021\/05\/fathul-abrar-Gkl43lgpwrU-unsplash-1-315x421.jpg 315w\" sizes=\"(max-width: 1600px) 100vw, 1600px\" \/><\/div>\n\t\t<\/a>\n\t\t\t\t<div class=\"elementor-post__text\">\n\t\t\t\t<h3 class=\"elementor-post__title\">\n\t\t\t<a href=\"https:\/\/westadecor.pl\/index.php\/2021\/05\/08\/the-best-pho-recipe\/\" >\n\t\t\t\tThe Best Pho Recipe\t\t\t<\/a>\n\t\t<\/h3>\n\t\t\t\t<div class=\"elementor-post__meta-data\">\n\t\t\t\t\t<span class=\"elementor-post-date\">\n\t\t\t2021-05-08\t\t<\/span>\n\t\t\t\t<\/div>\n\t\t\t\t<div class=\"elementor-post__excerpt\">\n\t\t\t<p>If you\u2019ve somehow never tried pho, you\u2019re in for a treat. It\u2019s a cozy, beefy, aggressively spiced soup that is also light, fresh, and bright at the same time<\/p>\n\t\t<\/div>\n\t\t\t\t<\/div>\n\t\t\t\t<\/article>\n\t\t\t\t<article class=\"elementor-post elementor-grid-item post-4726 post type-post status-publish format-standard has-post-thumbnail hentry category-cooking tag-healthy tag-home-blog tag-recipes\" role=\"listitem\">\n\t\t\t\t<a class=\"elementor-post__thumbnail__link\" href=\"https:\/\/westadecor.pl\/index.php\/2021\/05\/08\/this-japanese-take-on-creme-flan-will-blow-your-mind\/\" tabindex=\"-1\" >\n\t\t\t<div class=\"elementor-post__thumbnail\"><img loading=\"lazy\" decoding=\"async\" width=\"1600\" height=\"2140\" src=\"https:\/\/westadecor.pl\/wp-content\/uploads\/2021\/05\/anshu-a-JVU-g0o2NPY-unsplash-1.jpg\" class=\"attachment-full size-full wp-image-987656\" alt=\"\" srcset=\"https:\/\/westadecor.pl\/wp-content\/uploads\/2021\/05\/anshu-a-JVU-g0o2NPY-unsplash-1.jpg 1600w, https:\/\/westadecor.pl\/wp-content\/uploads\/2021\/05\/anshu-a-JVU-g0o2NPY-unsplash-1-315x421.jpg 315w, https:\/\/westadecor.pl\/wp-content\/uploads\/2021\/05\/anshu-a-JVU-g0o2NPY-unsplash-1-630x843.jpg 630w, https:\/\/westadecor.pl\/wp-content\/uploads\/2021\/05\/anshu-a-JVU-g0o2NPY-unsplash-1-224x300.jpg 224w, https:\/\/westadecor.pl\/wp-content\/uploads\/2021\/05\/anshu-a-JVU-g0o2NPY-unsplash-1-766x1024.jpg 766w, https:\/\/westadecor.pl\/wp-content\/uploads\/2021\/05\/anshu-a-JVU-g0o2NPY-unsplash-1-768x1027.jpg 768w, https:\/\/westadecor.pl\/wp-content\/uploads\/2021\/05\/anshu-a-JVU-g0o2NPY-unsplash-1-1148x1536.jpg 1148w, https:\/\/westadecor.pl\/wp-content\/uploads\/2021\/05\/anshu-a-JVU-g0o2NPY-unsplash-1-1531x2048.jpg 1531w, https:\/\/westadecor.pl\/wp-content\/uploads\/2021\/05\/anshu-a-JVU-g0o2NPY-unsplash-1-1260x1685.jpg 1260w\" sizes=\"(max-width: 1600px) 100vw, 1600px\" \/><\/div>\n\t\t<\/a>\n\t\t\t\t<div class=\"elementor-post__text\">\n\t\t\t\t<h3 class=\"elementor-post__title\">\n\t\t\t<a href=\"https:\/\/westadecor.pl\/index.php\/2021\/05\/08\/this-japanese-take-on-creme-flan-will-blow-your-mind\/\" >\n\t\t\t\tThis japanese take on cr\u00e8me flan will blow your mind.\t\t\t<\/a>\n\t\t<\/h3>\n\t\t\t\t<div class=\"elementor-post__meta-data\">\n\t\t\t\t\t<span class=\"elementor-post-date\">\n\t\t\t2021-05-08\t\t<\/span>\n\t\t\t\t<\/div>\n\t\t\t\t<div class=\"elementor-post__excerpt\">\n\t\t\t<p>Purin is a Japanese take on cr\u00e8me caramel, also known as flan, caramel custard, egg pudding, or caramel pudding. Essentially it\u2019s a gently cooked custard dessert made from eggs, milk, and sugar, with a layer of clear caramel sauce on top. <\/p>\n\t\t<\/div>\n\t\t\t\t<\/div>\n\t\t\t\t<\/article>\n\t\t\t\t<\/div>\n\t\t\n\t\t\t\t\t\t<\/div>\n\t\t\t\t<\/div>\n\t\t\t\t\t<\/div>\n\t\t<\/div>\n\t\t\t\t\t<\/div>\n\t\t<\/section>\n\t\t\t\t<section class=\"elementor-section elementor-top-section elementor-element elementor-element-0f756ed elementor-section-boxed elementor-section-height-default elementor-section-height-default\" data-id=\"0f756ed\" data-element_type=\"section\">\n\t\t\t\t\t\t<div class=\"elementor-container elementor-column-gap-no\">\n\t\t\t\t\t<div class=\"elementor-column elementor-col-100 elementor-top-column elementor-element elementor-element-89ec669\" data-id=\"89ec669\" data-element_type=\"column\">\n\t\t\t<div class=\"elementor-widget-wrap elementor-element-populated\">\n\t\t\t\t\t\t<div class=\"elementor-element elementor-element-1a1fb13 elementor-widget elementor-widget-template\" data-id=\"1a1fb13\" data-element_type=\"widget\" data-widget_type=\"template.default\">\n\t\t\t\t<div class=\"elementor-widget-container\">\n\t\t\t\t\t\t\t<div class=\"elementor-template\">\n\t\t\t\t\t<div data-elementor-type=\"section\" data-elementor-id=\"9740\" class=\"elementor elementor-9740\" data-elementor-post-type=\"elementor_library\">\n\t\t\t\t\t<section class=\"elementor-section elementor-top-section elementor-element elementor-element-9b7b474 elementor-section-content-middle elementor-section-full_width elementor-section-height-default elementor-section-height-default\" data-id=\"9b7b474\" data-element_type=\"section\">\n\t\t\t\t\t\t<div class=\"elementor-container elementor-column-gap-no\">\n\t\t\t\t\t<div class=\"elementor-column elementor-col-100 elementor-top-column elementor-element elementor-element-1637df28\" data-id=\"1637df28\" data-element_type=\"column\">\n\t\t\t<div class=\"elementor-widget-wrap elementor-element-populated\">\n\t\t\t\t\t\t<div class=\"elementor-element elementor-element-54553576 elementor-widget elementor-widget-heading\" data-id=\"54553576\" data-element_type=\"widget\" data-widget_type=\"heading.default\">\n\t\t\t\t<div class=\"elementor-widget-container\">\n\t\t\t\t\t<h2 class=\"elementor-heading-title elementor-size-default\">instagram:<\/h2>\t\t\t\t<\/div>\n\t\t\t\t<\/div>\n\t\t\t\t<div class=\"elementor-element elementor-element-7421bf6a elementor-widget elementor-widget-heading\" data-id=\"7421bf6a\" data-element_type=\"widget\" data-widget_type=\"heading.default\">\n\t\t\t\t<div class=\"elementor-widget-container\">\n\t\t\t\t\t<p class=\"elementor-heading-title elementor-size-default\"><a href=\"https:\/\/www.instagram.com\/vamtam.themes\/\" target=\"_blank\">@La_f\u00e9minit\u00e9<\/a><\/p>\t\t\t\t<\/div>\n\t\t\t\t<\/div>\n\t\t\t\t<div class=\"elementor-element elementor-element-2f00556 vamtam-sbi elementor-widget elementor-widget-sbi-widget\" data-id=\"2f00556\" data-element_type=\"widget\" data-widget_type=\"sbi-widget.default\">\n\t\t\t\t<div class=\"elementor-widget-container\">\n\t\t\t\t\t\t\t<div id=\"sbi_mod_error\" >\n\t\t\t<span>Ten komunikat o b\u0142\u0119dzie jest widoczny tylko dla administrator\u00f3w WordPressa<\/span><br\/>\n\t\t\t<p><strong>B\u0142\u0105d: nie znaleziono kana\u0142u o identyfikatorze 1.<\/strong>\n\t\t\t<p>Przejd\u017a na stron\u0119 ustawie\u0144 kana\u0142u Instagramu, aby utworzy\u0107 kana\u0142.<\/p>\n\t\t<\/div>\n\t\t\t\t\t\t<\/div>\n\t\t\t\t<\/div>\n\t\t\t\t\t<\/div>\n\t\t<\/div>\n\t\t\t\t\t<\/div>\n\t\t<\/section>\n\t\t\t\t<\/div>\n\t\t\t\t<\/div>\n\t\t\t\t\t\t<\/div>\n\t\t\t\t<\/div>\n\t\t\t\t\t<\/div>\n\t\t<\/div>\n\t\t\t\t\t<\/div>\n\t\t<\/section>\n\t\t\t\t<\/div>\n\t\t","protected":false},"excerpt":{"rendered":"<p>A category description is a paragraph or two of content on the page representing an entire category of items for sale<\/p>\n","protected":false},"author":1,"featured_media":987808,"parent":0,"menu_order":0,"comment_status":"closed","ping_status":"closed","template":"","meta":{"footnotes":""},"class_list":["post-3927","page","type-page","status-publish","has-post-thumbnail","hentry"],"_links":{"self":[{"href":"https:\/\/westadecor.pl\/index.php\/wp-json\/wp\/v2\/pages\/3927","targetHints":{"allow":["GET"]}}],"collection":[{"href":"https:\/\/westadecor.pl\/index.php\/wp-json\/wp\/v2\/pages"}],"about":[{"href":"https:\/\/westadecor.pl\/index.php\/wp-json\/wp\/v2\/types\/page"}],"author":[{"embeddable":true,"href":"https:\/\/westadecor.pl\/index.php\/wp-json\/wp\/v2\/users\/1"}],"replies":[{"embeddable":true,"href":"https:\/\/westadecor.pl\/index.php\/wp-json\/wp\/v2\/comments?post=3927"}],"version-history":[{"count":0,"href":"https:\/\/westadecor.pl\/index.php\/wp-json\/wp\/v2\/pages\/3927\/revisions"}],"wp:featuredmedia":[{"embeddable":true,"href":"https:\/\/westadecor.pl\/index.php\/wp-json\/wp\/v2\/media\/987808"}],"wp:attachment":[{"href":"https:\/\/westadecor.pl\/index.php\/wp-json\/wp\/v2\/media?parent=3927"}],"curies":[{"name":"wp","href":"https:\/\/api.w.org\/{rel}","templated":true}]}}