{"id":110,"date":"2021-03-28T14:28:45","date_gmt":"2021-03-28T14:28:45","guid":{"rendered":"https:\/\/lafeminite.vamtam.com\/?page_id=110"},"modified":"2021-03-28T14:28:45","modified_gmt":"2021-03-28T14:28:45","slug":"beauty","status":"publish","type":"page","link":"https:\/\/westadecor.pl\/index.php\/beauty\/","title":{"rendered":"Beauty"},"content":{"rendered":"\t\t<div data-elementor-type=\"wp-page\" data-elementor-id=\"110\" class=\"elementor elementor-110\" data-elementor-post-type=\"page\">\n\t\t\t\t\t\t<section class=\"elementor-section elementor-top-section elementor-element elementor-element-19cf768 elementor-section-boxed elementor-section-height-default elementor-section-height-default\" data-id=\"19cf768\" data-element_type=\"section\" data-settings=\"{&quot;background_background&quot;:&quot;classic&quot;}\">\n\t\t\t\t\t\t<div class=\"elementor-container elementor-column-gap-no\">\n\t\t\t\t\t<div class=\"elementor-column elementor-col-100 elementor-top-column elementor-element elementor-element-d3a0e06 animated-slow elementor-invisible\" data-id=\"d3a0e06\" data-element_type=\"column\" data-settings=\"{&quot;animation&quot;:&quot;fadeIn&quot;,&quot;animation_delay&quot;:100}\">\n\t\t\t<div class=\"elementor-widget-wrap elementor-element-populated\">\n\t\t\t\t\t\t<div class=\"elementor-element elementor-element-fce84f4 elementor-widget elementor-widget-text-editor\" data-id=\"fce84f4\" data-element_type=\"widget\" data-widget_type=\"text-editor.default\">\n\t\t\t\t<div class=\"elementor-widget-container\">\n\t\t\t\t\t\t\t\t\t<p>A category description is a paragraph or two of content on the page representing an entire category of items for sale<\/p>\t\t\t\t\t\t\t\t<\/div>\n\t\t\t\t<\/div>\n\t\t\t\t\t<\/div>\n\t\t<\/div>\n\t\t\t\t\t<\/div>\n\t\t<\/section>\n\t\t\t\t<section class=\"elementor-section elementor-top-section elementor-element elementor-element-519d219 elementor-section-boxed elementor-section-height-default elementor-section-height-default\" data-id=\"519d219\" data-element_type=\"section\" data-settings=\"{&quot;background_background&quot;:&quot;classic&quot;}\">\n\t\t\t\t\t\t<div class=\"elementor-container elementor-column-gap-no\">\n\t\t\t\t\t<div class=\"elementor-column elementor-col-100 elementor-top-column elementor-element elementor-element-afa2093\" data-id=\"afa2093\" data-element_type=\"column\">\n\t\t\t<div class=\"elementor-widget-wrap elementor-element-populated\">\n\t\t\t\t\t\t<div class=\"elementor-element elementor-element-a2a1c47 elementor-view-default elementor-invisible elementor-widget elementor-widget-icon\" data-id=\"a2a1c47\" data-element_type=\"widget\" data-settings=\"{&quot;_animation&quot;:&quot;rotateIn&quot;,&quot;_animation_delay&quot;:200}\" data-widget_type=\"icon.default\">\n\t\t\t\t<div class=\"elementor-widget-container\">\n\t\t\t\t\t\t\t<div class=\"elementor-icon-wrapper\">\n\t\t\t<div class=\"elementor-icon\">\n\t\t\t<i aria-hidden=\"true\" class=\"vamtamtheme- vamtam-theme-slash\"><\/i>\t\t\t<\/div>\n\t\t<\/div>\n\t\t\t\t\t\t<\/div>\n\t\t\t\t<\/div>\n\t\t\t\t<div class=\"vamtam-has-theme-widget-styles elementor-element elementor-element-661044a elementor-grid-1 elementor-grid-tablet-1 elementor-posts--align-center elementor-grid-mobile-1 elementor-posts--thumbnail-top elementor-widget elementor-widget-posts\" data-id=\"661044a\" data-element_type=\"widget\" data-settings=\"{&quot;classic_columns&quot;:&quot;1&quot;,&quot;classic_columns_tablet&quot;:&quot;1&quot;,&quot;classic_columns_mobile&quot;:&quot;1&quot;,&quot;classic_row_gap&quot;:{&quot;unit&quot;:&quot;px&quot;,&quot;size&quot;:35,&quot;sizes&quot;:[]},&quot;classic_row_gap_tablet&quot;:{&quot;unit&quot;:&quot;px&quot;,&quot;size&quot;:&quot;&quot;,&quot;sizes&quot;:[]},&quot;classic_row_gap_mobile&quot;:{&quot;unit&quot;:&quot;px&quot;,&quot;size&quot;:&quot;&quot;,&quot;sizes&quot;:[]}}\" data-widget_type=\"posts.classic\">\n\t\t\t\t<div class=\"elementor-widget-container\">\n\t\t\t\t\t\t\t<div class=\"elementor-posts-container elementor-posts elementor-posts--skin-classic elementor-grid\" role=\"list\">\n\t\t\t\t<article class=\"elementor-post elementor-grid-item post-7197 post type-post status-publish format-standard has-post-thumbnail hentry category-beauty tag-home-blog tag-stories\" role=\"listitem\">\n\t\t\t\t<a class=\"elementor-post__thumbnail__link\" href=\"https:\/\/westadecor.pl\/index.php\/2021\/07\/29\/the-2020-2021-winter-beauty-trends-and-shopping-tips-2\/\" tabindex=\"-1\" >\n\t\t\t<div class=\"elementor-post__thumbnail\"><img fetchpriority=\"high\" decoding=\"async\" width=\"1024\" height=\"682\" src=\"https:\/\/westadecor.pl\/wp-content\/uploads\/2021\/03\/iStock-1035782850-1024x682.jpg\" class=\"attachment-large size-large wp-image-170\" alt=\"\" srcset=\"https:\/\/westadecor.pl\/wp-content\/uploads\/2021\/03\/iStock-1035782850-1024x682.jpg 1024w, https:\/\/westadecor.pl\/wp-content\/uploads\/2021\/03\/iStock-1035782850-315x210.jpg 315w, https:\/\/westadecor.pl\/wp-content\/uploads\/2021\/03\/iStock-1035782850-630x420.jpg 630w, https:\/\/westadecor.pl\/wp-content\/uploads\/2021\/03\/iStock-1035782850-300x200.jpg 300w, https:\/\/westadecor.pl\/wp-content\/uploads\/2021\/03\/iStock-1035782850-768x512.jpg 768w, https:\/\/westadecor.pl\/wp-content\/uploads\/2021\/03\/iStock-1035782850-1536x1024.jpg 1536w, https:\/\/westadecor.pl\/wp-content\/uploads\/2021\/03\/iStock-1035782850-680x453.jpg 680w, https:\/\/westadecor.pl\/wp-content\/uploads\/2021\/03\/iStock-1035782850-1360x906.jpg 1360w, https:\/\/westadecor.pl\/wp-content\/uploads\/2021\/03\/iStock-1035782850.jpg 2000w\" sizes=\"(max-width: 1024px) 100vw, 1024px\" \/><\/div>\n\t\t<\/a>\n\t\t\t\t<div class=\"elementor-post__text\">\n\t\t\t\t<h3 class=\"elementor-post__title\">\n\t\t\t<a href=\"https:\/\/westadecor.pl\/index.php\/2021\/07\/29\/the-2020-2021-winter-beauty-trends-and-shopping-tips-2\/\" >\n\t\t\t\tThe 2020\/2021 Winter Beauty Trends and Shopping Tips\t\t\t<\/a>\n\t\t<\/h3>\n\t\t\t\t<div class=\"elementor-post__meta-data\">\n\t\t\t\t\t<span class=\"elementor-post-author\">\n\t\t\tadmin\t\t<\/span>\n\t\t\t\t<span class=\"elementor-post-date\">\n\t\t\t2021-07-29\t\t<\/span>\n\t\t\t\t<\/div>\n\t\t\t\t<div class=\"elementor-post__excerpt\">\n\t\t\t<p>Cannabidiol (CBD) is everywhere these days \u2014 from snacks and sweets to bottled water, coffee, and tea. Now, CBD is popping up in beauty products, too.<\/p>\n\t\t<\/div>\n\t\t\t\t<\/div>\n\t\t\t\t<\/article>\n\t\t\t\t<\/div>\n\t\t\n\t\t\t\t\t\t<\/div>\n\t\t\t\t<\/div>\n\t\t\t\t\t<\/div>\n\t\t<\/div>\n\t\t\t\t\t<\/div>\n\t\t<\/section>\n\t\t\t\t<section class=\"elementor-section elementor-top-section elementor-element elementor-element-cdd04fc elementor-section-boxed elementor-section-height-default elementor-section-height-default\" data-id=\"cdd04fc\" data-element_type=\"section\">\n\t\t\t\t\t\t<div class=\"elementor-container elementor-column-gap-no\">\n\t\t\t\t\t<div class=\"elementor-column elementor-col-100 elementor-top-column elementor-element elementor-element-ebf37cd\" data-id=\"ebf37cd\" data-element_type=\"column\">\n\t\t\t<div class=\"elementor-widget-wrap elementor-element-populated\">\n\t\t\t\t\t\t<div class=\"vamtam-has-theme-widget-styles elementor-element elementor-element-3eb8ee3 elementor-posts--align-center elementor-grid-3 elementor-grid-tablet-2 elementor-grid-mobile-1 elementor-posts--thumbnail-top elementor-widget elementor-widget-posts\" data-id=\"3eb8ee3\" data-element_type=\"widget\" data-settings=\"{&quot;classic_masonry&quot;:&quot;yes&quot;,&quot;classic_row_gap&quot;:{&quot;unit&quot;:&quot;px&quot;,&quot;size&quot;:40,&quot;sizes&quot;:[]},&quot;pagination_type&quot;:&quot;numbers&quot;,&quot;classic_columns&quot;:&quot;3&quot;,&quot;classic_columns_tablet&quot;:&quot;2&quot;,&quot;classic_columns_mobile&quot;:&quot;1&quot;,&quot;classic_row_gap_tablet&quot;:{&quot;unit&quot;:&quot;px&quot;,&quot;size&quot;:&quot;&quot;,&quot;sizes&quot;:[]},&quot;classic_row_gap_mobile&quot;:{&quot;unit&quot;:&quot;px&quot;,&quot;size&quot;:&quot;&quot;,&quot;sizes&quot;:[]}}\" data-widget_type=\"posts.classic\">\n\t\t\t\t<div class=\"elementor-widget-container\">\n\t\t\t\t\t\t\t<div class=\"elementor-posts-container elementor-posts elementor-posts--skin-classic elementor-grid\" role=\"list\">\n\t\t\t\t<article class=\"elementor-post elementor-grid-item post-4516 post type-post status-publish format-standard has-post-thumbnail hentry category-beauty tag-featured tag-home-blog tag-stories\" role=\"listitem\">\n\t\t\t\t<a class=\"elementor-post__thumbnail__link\" href=\"https:\/\/westadecor.pl\/index.php\/2021\/05\/06\/the-curly-shag-has-tons-of-pretty-texture-and-attitude\/\" tabindex=\"-1\" >\n\t\t\t<div class=\"elementor-post__thumbnail\"><img decoding=\"async\" width=\"2000\" height=\"1600\" src=\"https:\/\/westadecor.pl\/wp-content\/uploads\/2021\/05\/iStock-1149722574-1.jpg\" class=\"attachment-full size-full wp-image-23838\" alt=\"\" srcset=\"https:\/\/westadecor.pl\/wp-content\/uploads\/2021\/05\/iStock-1149722574-1.jpg 2000w, https:\/\/westadecor.pl\/wp-content\/uploads\/2021\/05\/iStock-1149722574-1-315x252.jpg 315w, https:\/\/westadecor.pl\/wp-content\/uploads\/2021\/05\/iStock-1149722574-1-630x504.jpg 630w, https:\/\/westadecor.pl\/wp-content\/uploads\/2021\/05\/iStock-1149722574-1-300x240.jpg 300w, https:\/\/westadecor.pl\/wp-content\/uploads\/2021\/05\/iStock-1149722574-1-1024x819.jpg 1024w, https:\/\/westadecor.pl\/wp-content\/uploads\/2021\/05\/iStock-1149722574-1-768x614.jpg 768w, https:\/\/westadecor.pl\/wp-content\/uploads\/2021\/05\/iStock-1149722574-1-1536x1229.jpg 1536w, https:\/\/westadecor.pl\/wp-content\/uploads\/2021\/05\/iStock-1149722574-1-680x544.jpg 680w, https:\/\/westadecor.pl\/wp-content\/uploads\/2021\/05\/iStock-1149722574-1-1360x1088.jpg 1360w\" sizes=\"(max-width: 2000px) 100vw, 2000px\" \/><\/div>\n\t\t<\/a>\n\t\t\t\t<div class=\"elementor-post__text\">\n\t\t\t\t<h3 class=\"elementor-post__title\">\n\t\t\t<a href=\"https:\/\/westadecor.pl\/index.php\/2021\/05\/06\/the-curly-shag-has-tons-of-pretty-texture-and-attitude\/\" >\n\t\t\t\tThe curly shag has tons of pretty texture and attitude\t\t\t<\/a>\n\t\t<\/h3>\n\t\t\t\t<div class=\"elementor-post__meta-data\">\n\t\t\t\t\t<span class=\"elementor-post-date\">\n\t\t\t2021-05-06\t\t<\/span>\n\t\t\t\t<\/div>\n\t\t\t\t<div class=\"elementor-post__excerpt\">\n\t\t\t<p>We&#8217;ve all been briefed on that shag haircut at this point. It&#8217;s revival over the past year has taken it from all-but forgotten to the headlining act of summer 2021.<\/p>\n\t\t<\/div>\n\t\t\t\t<\/div>\n\t\t\t\t<\/article>\n\t\t\t\t<article class=\"elementor-post elementor-grid-item post-4494 post type-post status-publish format-standard has-post-thumbnail hentry category-beauty tag-healthy tag-home-blog\" role=\"listitem\">\n\t\t\t\t<a class=\"elementor-post__thumbnail__link\" href=\"https:\/\/westadecor.pl\/index.php\/2021\/05\/06\/true-skin-mineral-loose-powder\/\" tabindex=\"-1\" >\n\t\t\t<div class=\"elementor-post__thumbnail\"><img decoding=\"async\" width=\"1600\" height=\"2140\" src=\"https:\/\/westadecor.pl\/wp-content\/uploads\/2021\/05\/iStock-1190195473-1.jpg\" class=\"attachment-full size-full wp-image-23837\" alt=\"\" srcset=\"https:\/\/westadecor.pl\/wp-content\/uploads\/2021\/05\/iStock-1190195473-1.jpg 1600w, https:\/\/westadecor.pl\/wp-content\/uploads\/2021\/05\/iStock-1190195473-1-315x421.jpg 315w, https:\/\/westadecor.pl\/wp-content\/uploads\/2021\/05\/iStock-1190195473-1-630x843.jpg 630w, https:\/\/westadecor.pl\/wp-content\/uploads\/2021\/05\/iStock-1190195473-1-224x300.jpg 224w, https:\/\/westadecor.pl\/wp-content\/uploads\/2021\/05\/iStock-1190195473-1-766x1024.jpg 766w, https:\/\/westadecor.pl\/wp-content\/uploads\/2021\/05\/iStock-1190195473-1-768x1027.jpg 768w, https:\/\/westadecor.pl\/wp-content\/uploads\/2021\/05\/iStock-1190195473-1-1148x1536.jpg 1148w, https:\/\/westadecor.pl\/wp-content\/uploads\/2021\/05\/iStock-1190195473-1-1531x2048.jpg 1531w, https:\/\/westadecor.pl\/wp-content\/uploads\/2021\/05\/iStock-1190195473-1-680x910.jpg 680w, https:\/\/westadecor.pl\/wp-content\/uploads\/2021\/05\/iStock-1190195473-1-1360x1819.jpg 1360w\" sizes=\"(max-width: 1600px) 100vw, 1600px\" \/><\/div>\n\t\t<\/a>\n\t\t\t\t<div class=\"elementor-post__text\">\n\t\t\t\t<h3 class=\"elementor-post__title\">\n\t\t\t<a href=\"https:\/\/westadecor.pl\/index.php\/2021\/05\/06\/true-skin-mineral-loose-powder\/\" >\n\t\t\t\tTrue Skin Mineral Loose Powder\t\t\t<\/a>\n\t\t<\/h3>\n\t\t\t\t<div class=\"elementor-post__meta-data\">\n\t\t\t\t\t<span class=\"elementor-post-date\">\n\t\t\t2021-05-06\t\t<\/span>\n\t\t\t\t<\/div>\n\t\t\t\t<div class=\"elementor-post__excerpt\">\n\t\t\t<p>There&#8217;s just one shade, transparent, which fits my skin, but I don&#8217;t know if it may end up ashy on darker ones. This comes in a great packaging with a swivel system that keeps the powder tightly shut. <\/p>\n\t\t<\/div>\n\t\t\t\t<\/div>\n\t\t\t\t<\/article>\n\t\t\t\t<article class=\"elementor-post elementor-grid-item post-4473 post type-post status-publish format-standard has-post-thumbnail hentry category-beauty tag-featured tag-home-blog tag-tips-guides\" role=\"listitem\">\n\t\t\t\t<a class=\"elementor-post__thumbnail__link\" href=\"https:\/\/westadecor.pl\/index.php\/2021\/05\/05\/one-step-skin-perfector\/\" tabindex=\"-1\" >\n\t\t\t<div class=\"elementor-post__thumbnail\"><img loading=\"lazy\" decoding=\"async\" width=\"1600\" height=\"2140\" src=\"https:\/\/westadecor.pl\/wp-content\/uploads\/2021\/05\/iStock-1093097266-1.jpg\" class=\"attachment-full size-full wp-image-23836\" alt=\"\" srcset=\"https:\/\/westadecor.pl\/wp-content\/uploads\/2021\/05\/iStock-1093097266-1.jpg 1600w, https:\/\/westadecor.pl\/wp-content\/uploads\/2021\/05\/iStock-1093097266-1-315x421.jpg 315w, https:\/\/westadecor.pl\/wp-content\/uploads\/2021\/05\/iStock-1093097266-1-630x843.jpg 630w, https:\/\/westadecor.pl\/wp-content\/uploads\/2021\/05\/iStock-1093097266-1-224x300.jpg 224w, https:\/\/westadecor.pl\/wp-content\/uploads\/2021\/05\/iStock-1093097266-1-766x1024.jpg 766w, https:\/\/westadecor.pl\/wp-content\/uploads\/2021\/05\/iStock-1093097266-1-768x1027.jpg 768w, https:\/\/westadecor.pl\/wp-content\/uploads\/2021\/05\/iStock-1093097266-1-1148x1536.jpg 1148w, https:\/\/westadecor.pl\/wp-content\/uploads\/2021\/05\/iStock-1093097266-1-1531x2048.jpg 1531w, https:\/\/westadecor.pl\/wp-content\/uploads\/2021\/05\/iStock-1093097266-1-680x910.jpg 680w, https:\/\/westadecor.pl\/wp-content\/uploads\/2021\/05\/iStock-1093097266-1-1360x1819.jpg 1360w\" sizes=\"(max-width: 1600px) 100vw, 1600px\" \/><\/div>\n\t\t<\/a>\n\t\t\t\t<div class=\"elementor-post__text\">\n\t\t\t\t<h3 class=\"elementor-post__title\">\n\t\t\t<a href=\"https:\/\/westadecor.pl\/index.php\/2021\/05\/05\/one-step-skin-perfector\/\" >\n\t\t\t\tOne Step Skin Perfector\t\t\t<\/a>\n\t\t<\/h3>\n\t\t\t\t<div class=\"elementor-post__meta-data\">\n\t\t\t\t\t<span class=\"elementor-post-date\">\n\t\t\t2021-05-05\t\t<\/span>\n\t\t\t\t<\/div>\n\t\t\t\t<div class=\"elementor-post__excerpt\">\n\t\t\t<p>I&#8217;ve had a few such products and they are all the same. For every one the companies say they contain pigments that adapt to every skin tone, which is not very likely. <\/p>\n\t\t<\/div>\n\t\t\t\t<\/div>\n\t\t\t\t<\/article>\n\t\t\t\t<article class=\"elementor-post elementor-grid-item post-607 post type-post status-publish format-standard has-post-thumbnail hentry category-beauty tag-healthy tag-home-influencer tag-simple-blog\" role=\"listitem\">\n\t\t\t\t<a class=\"elementor-post__thumbnail__link\" href=\"https:\/\/westadecor.pl\/index.php\/2021\/04\/06\/everything-you-should-to-know-about-cbd-skincare\/\" tabindex=\"-1\" >\n\t\t\t<div class=\"elementor-post__thumbnail\"><img loading=\"lazy\" decoding=\"async\" width=\"1600\" height=\"2398\" src=\"https:\/\/westadecor.pl\/wp-content\/uploads\/2021\/03\/iStock-1188227560.jpg\" class=\"attachment-full size-full wp-image-176\" alt=\"\" srcset=\"https:\/\/westadecor.pl\/wp-content\/uploads\/2021\/03\/iStock-1188227560.jpg 1600w, https:\/\/westadecor.pl\/wp-content\/uploads\/2021\/03\/iStock-1188227560-315x472.jpg 315w, https:\/\/westadecor.pl\/wp-content\/uploads\/2021\/03\/iStock-1188227560-630x944.jpg 630w, https:\/\/westadecor.pl\/wp-content\/uploads\/2021\/03\/iStock-1188227560-200x300.jpg 200w, https:\/\/westadecor.pl\/wp-content\/uploads\/2021\/03\/iStock-1188227560-683x1024.jpg 683w, https:\/\/westadecor.pl\/wp-content\/uploads\/2021\/03\/iStock-1188227560-768x1151.jpg 768w, https:\/\/westadecor.pl\/wp-content\/uploads\/2021\/03\/iStock-1188227560-1025x1536.jpg 1025w, https:\/\/westadecor.pl\/wp-content\/uploads\/2021\/03\/iStock-1188227560-1366x2048.jpg 1366w, https:\/\/westadecor.pl\/wp-content\/uploads\/2021\/03\/iStock-1188227560-1260x1888.jpg 1260w\" sizes=\"(max-width: 1600px) 100vw, 1600px\" \/><\/div>\n\t\t<\/a>\n\t\t\t\t<div class=\"elementor-post__text\">\n\t\t\t\t<h3 class=\"elementor-post__title\">\n\t\t\t<a href=\"https:\/\/westadecor.pl\/index.php\/2021\/04\/06\/everything-you-should-to-know-about-cbd-skincare\/\" >\n\t\t\t\tEverything You Should To Know About CBD Skincare\t\t\t<\/a>\n\t\t<\/h3>\n\t\t\t\t<div class=\"elementor-post__meta-data\">\n\t\t\t\t\t<span class=\"elementor-post-date\">\n\t\t\t2021-04-06\t\t<\/span>\n\t\t\t\t<\/div>\n\t\t\t\t<div class=\"elementor-post__excerpt\">\n\t\t\t<p>Cannabidiol (CBD) is everywhere these days \u2014 from snacks and sweets to bottled water, coffee, and tea. Now, CBD is popping up in beauty products, too.<\/p>\n\t\t<\/div>\n\t\t\t\t<\/div>\n\t\t\t\t<\/article>\n\t\t\t\t<article class=\"elementor-post elementor-grid-item post-609 post type-post status-publish format-standard has-post-thumbnail hentry category-beauty category-popular tag-home-influencer\" role=\"listitem\">\n\t\t\t\t<a class=\"elementor-post__thumbnail__link\" href=\"https:\/\/westadecor.pl\/index.php\/2021\/04\/05\/the-2020-2021-winter-beauty-trends-and-shopping-tips\/\" tabindex=\"-1\" >\n\t\t\t<div class=\"elementor-post__thumbnail\"><img loading=\"lazy\" decoding=\"async\" width=\"2000\" height=\"1600\" src=\"https:\/\/westadecor.pl\/wp-content\/uploads\/2021\/03\/iStock-1027895892.jpg\" class=\"attachment-full size-full wp-image-169\" alt=\"\" srcset=\"https:\/\/westadecor.pl\/wp-content\/uploads\/2021\/03\/iStock-1027895892.jpg 2000w, https:\/\/westadecor.pl\/wp-content\/uploads\/2021\/03\/iStock-1027895892-315x252.jpg 315w, https:\/\/westadecor.pl\/wp-content\/uploads\/2021\/03\/iStock-1027895892-630x504.jpg 630w, https:\/\/westadecor.pl\/wp-content\/uploads\/2021\/03\/iStock-1027895892-300x240.jpg 300w, https:\/\/westadecor.pl\/wp-content\/uploads\/2021\/03\/iStock-1027895892-1024x819.jpg 1024w, https:\/\/westadecor.pl\/wp-content\/uploads\/2021\/03\/iStock-1027895892-768x614.jpg 768w, https:\/\/westadecor.pl\/wp-content\/uploads\/2021\/03\/iStock-1027895892-1536x1229.jpg 1536w, https:\/\/westadecor.pl\/wp-content\/uploads\/2021\/03\/iStock-1027895892-680x544.jpg 680w, https:\/\/westadecor.pl\/wp-content\/uploads\/2021\/03\/iStock-1027895892-1360x1088.jpg 1360w\" sizes=\"(max-width: 2000px) 100vw, 2000px\" \/><\/div>\n\t\t<\/a>\n\t\t\t\t<div class=\"elementor-post__text\">\n\t\t\t\t<h3 class=\"elementor-post__title\">\n\t\t\t<a href=\"https:\/\/westadecor.pl\/index.php\/2021\/04\/05\/the-2020-2021-winter-beauty-trends-and-shopping-tips\/\" >\n\t\t\t\tThe 2020\/2021 Winter Beauty Trends and Shopping Tips\t\t\t<\/a>\n\t\t<\/h3>\n\t\t\t\t<div class=\"elementor-post__meta-data\">\n\t\t\t\t\t<span class=\"elementor-post-date\">\n\t\t\t2021-04-05\t\t<\/span>\n\t\t\t\t<\/div>\n\t\t\t\t<div class=\"elementor-post__excerpt\">\n\t\t\t<p>It&#8217;s been months of staying home, wearing loungey clothes, and covering half of your face with 2020&#8217;s hottest accessory, the fabric face mask.<\/p>\n\t\t<\/div>\n\t\t\t\t<\/div>\n\t\t\t\t<\/article>\n\t\t\t\t<article class=\"elementor-post elementor-grid-item post-610 post type-post status-publish format-standard has-post-thumbnail hentry category-beauty category-fashion tag-home-influencer tag-stories\" role=\"listitem\">\n\t\t\t\t<a class=\"elementor-post__thumbnail__link\" href=\"https:\/\/westadecor.pl\/index.php\/2021\/04\/05\/vitiligo-types-symptoms-causes-treatment-recovery\/\" tabindex=\"-1\" >\n\t\t\t<div class=\"elementor-post__thumbnail\"><img loading=\"lazy\" decoding=\"async\" width=\"2000\" height=\"1600\" src=\"https:\/\/westadecor.pl\/wp-content\/uploads\/2021\/03\/iStock-1275846189-1.jpg\" class=\"attachment-full size-full wp-image-23826\" alt=\"\" srcset=\"https:\/\/westadecor.pl\/wp-content\/uploads\/2021\/03\/iStock-1275846189-1.jpg 2000w, https:\/\/westadecor.pl\/wp-content\/uploads\/2021\/03\/iStock-1275846189-1-315x252.jpg 315w, https:\/\/westadecor.pl\/wp-content\/uploads\/2021\/03\/iStock-1275846189-1-630x504.jpg 630w, https:\/\/westadecor.pl\/wp-content\/uploads\/2021\/03\/iStock-1275846189-1-300x240.jpg 300w, https:\/\/westadecor.pl\/wp-content\/uploads\/2021\/03\/iStock-1275846189-1-1024x819.jpg 1024w, https:\/\/westadecor.pl\/wp-content\/uploads\/2021\/03\/iStock-1275846189-1-768x614.jpg 768w, https:\/\/westadecor.pl\/wp-content\/uploads\/2021\/03\/iStock-1275846189-1-1536x1229.jpg 1536w, https:\/\/westadecor.pl\/wp-content\/uploads\/2021\/03\/iStock-1275846189-1-680x544.jpg 680w, https:\/\/westadecor.pl\/wp-content\/uploads\/2021\/03\/iStock-1275846189-1-1360x1088.jpg 1360w\" sizes=\"(max-width: 2000px) 100vw, 2000px\" \/><\/div>\n\t\t<\/a>\n\t\t\t\t<div class=\"elementor-post__text\">\n\t\t\t\t<h3 class=\"elementor-post__title\">\n\t\t\t<a href=\"https:\/\/westadecor.pl\/index.php\/2021\/04\/05\/vitiligo-types-symptoms-causes-treatment-recovery\/\" >\n\t\t\t\tVitiligo: Types, Symptoms, Causes, Treatment &#038; Recovery\t\t\t<\/a>\n\t\t<\/h3>\n\t\t\t\t<div class=\"elementor-post__meta-data\">\n\t\t\t\t\t<span class=\"elementor-post-date\">\n\t\t\t2021-04-05\t\t<\/span>\n\t\t\t\t<\/div>\n\t\t\t\t<div class=\"elementor-post__excerpt\">\n\t\t\t<p>Whether you\u2019re in the early stages of vitiligo or have had this skin condition for a while, it\u2019s important to know about all the treatment options available.<\/p>\n\t\t<\/div>\n\t\t\t\t<\/div>\n\t\t\t\t<\/article>\n\t\t\t\t<\/div>\n\t\t\n\t\t\t\t\t\t<\/div>\n\t\t\t\t<\/div>\n\t\t\t\t\t<\/div>\n\t\t<\/div>\n\t\t\t\t\t<\/div>\n\t\t<\/section>\n\t\t\t\t<section class=\"elementor-section elementor-top-section elementor-element elementor-element-3fcf4bd elementor-section-boxed elementor-section-height-default elementor-section-height-default\" data-id=\"3fcf4bd\" data-element_type=\"section\">\n\t\t\t\t\t\t<div class=\"elementor-container elementor-column-gap-no\">\n\t\t\t\t\t<div class=\"elementor-column elementor-col-100 elementor-top-column elementor-element elementor-element-0674c59\" data-id=\"0674c59\" data-element_type=\"column\">\n\t\t\t<div class=\"elementor-widget-wrap elementor-element-populated\">\n\t\t\t\t\t\t<div class=\"elementor-element elementor-element-c8a0bde elementor-widget elementor-widget-template\" data-id=\"c8a0bde\" data-element_type=\"widget\" data-widget_type=\"template.default\">\n\t\t\t\t<div class=\"elementor-widget-container\">\n\t\t\t\t\t\t\t<div class=\"elementor-template\">\n\t\t\t\t\t<div data-elementor-type=\"section\" data-elementor-id=\"9740\" class=\"elementor elementor-9740\" data-elementor-post-type=\"elementor_library\">\n\t\t\t\t\t<section class=\"elementor-section elementor-top-section elementor-element elementor-element-9b7b474 elementor-section-content-middle elementor-section-full_width elementor-section-height-default elementor-section-height-default\" data-id=\"9b7b474\" data-element_type=\"section\">\n\t\t\t\t\t\t<div class=\"elementor-container elementor-column-gap-no\">\n\t\t\t\t\t<div class=\"elementor-column elementor-col-100 elementor-top-column elementor-element elementor-element-1637df28\" data-id=\"1637df28\" data-element_type=\"column\">\n\t\t\t<div class=\"elementor-widget-wrap elementor-element-populated\">\n\t\t\t\t\t\t<div class=\"elementor-element elementor-element-54553576 elementor-widget elementor-widget-heading\" data-id=\"54553576\" data-element_type=\"widget\" data-widget_type=\"heading.default\">\n\t\t\t\t<div class=\"elementor-widget-container\">\n\t\t\t\t\t<h2 class=\"elementor-heading-title elementor-size-default\">instagram:<\/h2>\t\t\t\t<\/div>\n\t\t\t\t<\/div>\n\t\t\t\t<div class=\"elementor-element elementor-element-7421bf6a elementor-widget elementor-widget-heading\" data-id=\"7421bf6a\" data-element_type=\"widget\" data-widget_type=\"heading.default\">\n\t\t\t\t<div class=\"elementor-widget-container\">\n\t\t\t\t\t<p class=\"elementor-heading-title elementor-size-default\"><a href=\"https:\/\/www.instagram.com\/vamtam.themes\/\" target=\"_blank\">@La_f\u00e9minit\u00e9<\/a><\/p>\t\t\t\t<\/div>\n\t\t\t\t<\/div>\n\t\t\t\t<div class=\"elementor-element elementor-element-2f00556 vamtam-sbi elementor-widget elementor-widget-sbi-widget\" data-id=\"2f00556\" data-element_type=\"widget\" data-widget_type=\"sbi-widget.default\">\n\t\t\t\t<div class=\"elementor-widget-container\">\n\t\t\t\t\t\t\t<div id=\"sbi_mod_error\" >\n\t\t\t<span>Ten komunikat o b\u0142\u0119dzie jest widoczny tylko dla administrator\u00f3w WordPressa<\/span><br\/>\n\t\t\t<p><strong>B\u0142\u0105d: nie znaleziono kana\u0142u o identyfikatorze 1.<\/strong>\n\t\t\t<p>Przejd\u017a na stron\u0119 ustawie\u0144 kana\u0142u Instagramu, aby utworzy\u0107 kana\u0142.<\/p>\n\t\t<\/div>\n\t\t\t\t\t\t<\/div>\n\t\t\t\t<\/div>\n\t\t\t\t\t<\/div>\n\t\t<\/div>\n\t\t\t\t\t<\/div>\n\t\t<\/section>\n\t\t\t\t<\/div>\n\t\t\t\t<\/div>\n\t\t\t\t\t\t<\/div>\n\t\t\t\t<\/div>\n\t\t\t\t\t<\/div>\n\t\t<\/div>\n\t\t\t\t\t<\/div>\n\t\t<\/section>\n\t\t\t\t<\/div>\n\t\t","protected":false},"excerpt":{"rendered":"<p>A category description is a paragraph or two of content on the page representing an entire category of items for sale<\/p>\n","protected":false},"author":1,"featured_media":987808,"parent":0,"menu_order":0,"comment_status":"closed","ping_status":"closed","template":"","meta":{"footnotes":""},"class_list":["post-110","page","type-page","status-publish","has-post-thumbnail","hentry"],"_links":{"self":[{"href":"https:\/\/westadecor.pl\/index.php\/wp-json\/wp\/v2\/pages\/110","targetHints":{"allow":["GET"]}}],"collection":[{"href":"https:\/\/westadecor.pl\/index.php\/wp-json\/wp\/v2\/pages"}],"about":[{"href":"https:\/\/westadecor.pl\/index.php\/wp-json\/wp\/v2\/types\/page"}],"author":[{"embeddable":true,"href":"https:\/\/westadecor.pl\/index.php\/wp-json\/wp\/v2\/users\/1"}],"replies":[{"embeddable":true,"href":"https:\/\/westadecor.pl\/index.php\/wp-json\/wp\/v2\/comments?post=110"}],"version-history":[{"count":0,"href":"https:\/\/westadecor.pl\/index.php\/wp-json\/wp\/v2\/pages\/110\/revisions"}],"wp:featuredmedia":[{"embeddable":true,"href":"https:\/\/westadecor.pl\/index.php\/wp-json\/wp\/v2\/media\/987808"}],"wp:attachment":[{"href":"https:\/\/westadecor.pl\/index.php\/wp-json\/wp\/v2\/media?parent=110"}],"curies":[{"name":"wp","href":"https:\/\/api.w.org\/{rel}","templated":true}]}}